{"id":6358,"date":"2023-10-06T08:31:55","date_gmt":"2023-10-06T08:31:55","guid":{"rendered":"https:\/\/viherma.com\/?page_id=6358"},"modified":"2023-10-06T08:31:55","modified_gmt":"2023-10-06T08:31:55","slug":"derecho-de-desestimiento","status":"publish","type":"page","link":"https:\/\/viherma.com\/index.php\/derecho-de-desestimiento\/","title":{"rendered":"Derecho de Desestimiento"},"content":{"rendered":"\n<p>El usuario tiene derecho a cancelar un pedido sin dar ninguna explicaci\u00f3n. Este derecho es el derecho de desistimiento establecido por el art. 102 el Real Decreto Legislativo 1\/2007, de 16 de noviembre, por el que se aprueba el texto refundido de la Ley General para la Defensa de los Consumidores y Usuarios y otras leyes complementarias.<\/p>\n\n\n\n<p>Para cancelar un pedido puede usar el formulario adjunto (modelo de desistimiento) o pueden notificarlo por correo electr\u00f3nico dirigi\u00e9ndose a&nbsp;<a href=\"mailto:VIHERMA@VIHERMA.COM\">VIHERMA@VIHERMA.COM<\/a>&nbsp;o por correo postal a la direcci\u00f3n C\/ ARROYO DE POZAS, NAVE 17, MADRID (VALDETORRES DEL JARAMA), 28150.<\/p>\n\n\n\n<p>Si nos env\u00eda un correo electr\u00f3nico o una comunicaci\u00f3n por escrito, por favor, incluya los detalles de su pedido para ayudarnos a identificarlo.<\/p>\n\n\n\n<p>El plazo de desistimiento expirar\u00e1 a los 14 d\u00edas naturales del d\u00eda que usted o un tercero por usted indicado, distinto del transportista, adquiri\u00f3 la posesi\u00f3n material de los bienes o en caso de que los productos que componen el pedido se entreguen por separado, a los 14 d\u00edas naturales del d\u00eda que usted o un tercero por usted indicado, distinto del transportista, adquiri\u00f3 la posesi\u00f3n material del \u00faltimo de los mencionados productos.<\/p>\n\n\n\n<p>Una vez ejercido el derecho al desistimiento el usuario deber\u00e1 remitir a la direcci\u00f3n indicada (VICTORINO HERNANDEZ MADERAS SL, C\/ ARROYO DE POZAS, NAVE 17, MADRID (VALDETORRES DEL JARAMA), 28150) los productos entregados asumiendo por tanto los costes de devoluci\u00f3n. Por favor, tenga en cuenta que si usted decide devolvernos los art\u00edculos a portes debidos estaremos autorizados a cargarle los gastos en que podamos incurrir.<\/p>\n\n\n\n<p>El derecho a desistir del contrato ser\u00e1 de aplicaci\u00f3n exclusivamente a aquellos productos que se devuelvan en las mismas condiciones en que el cliente los recibi\u00f3. No se har\u00e1 ning\u00fan reembolso si el producto ha sido usado m\u00e1s all\u00e1 de la mera apertura del mismo, de productos que no est\u00e9n en las mismas condiciones en las que se entregaron o que hayan sufrido alg\u00fan da\u00f1o, por lo que deber\u00e1 ser cuidadoso con el\/los producto\/s mientras est\u00e9n en su posesi\u00f3n. Por favor, devuelva el art\u00edculo usando o incluyendo todos sus envoltorios originales con todas las etiquetas. Rogamos no retiren las etiquetas hasta estar seguros de querer quedarse con cada art\u00edculo.<\/p>\n\n\n\n<p>Tras examinar el art\u00edculo le comunicaremos si tiene derecho al reembolso de las cantidades abonadas. Si la devoluci\u00f3n incluye la totalidad de la compra, se ha seguido el procedimiento correcto y los productos est\u00e1n nuevos y sin usar, procederemos al reembolso del importe total de la compra m\u00e1s los gastos de env\u00edo en un plazo de 14 d\u00edas desde que recibamos el pedido cancelado.<\/p>\n\n\n\n<p>Si la devoluci\u00f3n solo incluye una parte del pedido, se ha seguido el procedimiento correcto y los productos est\u00e1n nuevos y sin usar, solo le reembolsaremos el valor de los productos devueltos, sin los gastos de env\u00edo.<\/p>\n\n\n\n<p>MODELO DE DESISTIMIENTO<\/p>\n\n\n\n<p>(s\u00f3lo debe cumplimentar y enviar el presente formulario si desea desistir del contrato)<\/p>\n\n\n\n<p>A la atenci\u00f3n de VICTORINO HERNANDEZ MADERAS SL con NIF\/CIF B81586083, domicilio sito en C\/ ARROYO DE POZAS, NAVE 17, MADRID (VALDETORRES DEL JARAMA), 28150 y con correo electr\u00f3nico VIHERMA@VIHERMA.COM y tel\u00e9fono 918415795, en adelante VICTORINO HERNANDEZ MADERAS SL.<\/p>\n\n\n\n<p>Por la presente le comunico que desisto de mi contrato de venta del producto\/productos indicados:<\/p>\n\n\n\n<p>(descripci\u00f3n y referencia tal como se indica en el contrato)<\/p>\n\n\n\n<p>\u2026\u2026\u2026\u2026\u2026\u2026\u2026\u2026\u2026\u2026\u2026\u2026\u2026\u2026\u2026\u2026\u2026\u2026\u2026\u2026\u2026\u2026\u2026\u2026\u2026\u2026\u2026\u2026\u2026\u2026\u2026\u2026\u2026\u2026\u2026\u2026\u2026\u2026\u2026\u2026\u2026\u2026\u2026\u2026\u2026\u2026\u2026\u2026\u2026\u2026\u2026\u2026\u2026\u2026\u2026<\/p>\n\n\n\n<p>\u2026\u2026\u2026\u2026\u2026\u2026\u2026\u2026\u2026\u2026\u2026\u2026\u2026\u2026\u2026\u2026\u2026\u2026\u2026\u2026\u2026\u2026\u2026\u2026\u2026\u2026\u2026\u2026\u2026\u2026\u2026\u2026\u2026\u2026\u2026\u2026\u2026\u2026\u2026\u2026\u2026\u2026\u2026\u2026\u2026\u2026\u2026\u2026\u2026\u2026\u2026\u2026\u2026\u2026\u2026<\/p>\n\n\n\n<p>\u2026\u2026\u2026\u2026\u2026\u2026\u2026\u2026\u2026\u2026\u2026\u2026\u2026\u2026\u2026\u2026\u2026\u2026\u2026\u2026\u2026\u2026\u2026\u2026\u2026\u2026\u2026\u2026\u2026\u2026\u2026\u2026\u2026\u2026\u2026\u2026\u2026\u2026\u2026\u2026\u2026\u2026\u2026\u2026\u2026\u2026\u2026\u2026\u2026\u2026\u2026\u2026\u2026\u2026\u2026<\/p>\n\n\n\n<p>\u2026\u2026\u2026\u2026\u2026\u2026\u2026\u2026\u2026\u2026\u2026\u2026\u2026\u2026\u2026\u2026\u2026\u2026\u2026\u2026\u2026\u2026\u2026\u2026\u2026\u2026\u2026\u2026\u2026\u2026\u2026\u2026\u2026\u2026\u2026\u2026\u2026\u2026\u2026\u2026\u2026\u2026\u2026\u2026\u2026\u2026\u2026\u2026\u2026\u2026\u2026\u2026\u2026\u2026\u2026<\/p>\n\n\n\n<p>\u2026\u2026\u2026\u2026\u2026\u2026\u2026\u2026\u2026\u2026\u2026\u2026\u2026\u2026\u2026\u2026\u2026\u2026\u2026\u2026\u2026\u2026\u2026\u2026\u2026\u2026\u2026\u2026\u2026\u2026\u2026\u2026\u2026\u2026\u2026\u2026\u2026\u2026\u2026\u2026\u2026\u2026\u2026\u2026\u2026\u2026\u2026\u2026\u2026\u2026\u2026\u2026\u2026\u2026\u2026<\/p>\n\n\n\n<p>\u2026\u2026\u2026\u2026\u2026\u2026\u2026\u2026\u2026\u2026\u2026\u2026\u2026\u2026\u2026\u2026\u2026\u2026\u2026\u2026\u2026\u2026\u2026\u2026\u2026\u2026\u2026\u2026\u2026\u2026\u2026\u2026\u2026\u2026\u2026\u2026\u2026\u2026\u2026\u2026\u2026\u2026\u2026\u2026\u2026\u2026\u2026\u2026\u2026\u2026\u2026\u2026\u2026\u2026\u2026<\/p>\n\n\n\n<p>\u2026\u2026\u2026\u2026\u2026\u2026\u2026\u2026\u2026\u2026\u2026\u2026\u2026\u2026\u2026\u2026\u2026\u2026\u2026\u2026\u2026\u2026\u2026\u2026\u2026\u2026\u2026\u2026\u2026\u2026\u2026\u2026\u2026\u2026\u2026\u2026\u2026\u2026\u2026\u2026\u2026\u2026\u2026\u2026\u2026\u2026\u2026\u2026\u2026\u2026\u2026\u2026\u2026\u2026\u2026<\/p>\n\n\n\n<p>\u2026\u2026\u2026\u2026\u2026\u2026\u2026\u2026\u2026\u2026\u2026\u2026\u2026\u2026\u2026\u2026\u2026\u2026\u2026\u2026\u2026\u2026\u2026\u2026\u2026\u2026\u2026\u2026\u2026\u2026\u2026\u2026\u2026\u2026\u2026\u2026\u2026\u2026\u2026\u2026\u2026\u2026\u2026\u2026\u2026\u2026\u2026\u2026\u2026\u2026\u2026\u2026\u2026\u2026\u2026<\/p>\n\n\n\n<p>Pedido realizado con fecha _________.<\/p>\n\n\n\n<p>Pedido recibido con fecha __________.<\/p>\n\n\n\n<p>Nombre del consumidor: _______________________________.<\/p>\n\n\n\n<p>Direcci\u00f3n del consumidor: _______________________________.<\/p>\n\n\n\n<p>Firma del consumidor (solo si el presente formulario se presenta en papel)<\/p>\n","protected":false},"excerpt":{"rendered":"<p>El usuario tiene derecho a cancelar un pedido sin dar ninguna explicaci\u00f3n. Este derecho es el derecho de desistimiento establecido por el art. 102 el Real Decreto Legislativo 1\/2007, de 16 de noviembre, por el que se aprueba el texto refundido de la Ley General para la Defensa de los Consumidores y Usuarios y otras &hellip;<\/p>\n<p class=\"read-more\"> <a class=\"\" href=\"https:\/\/viherma.com\/index.php\/derecho-de-desestimiento\/\"> <span class=\"screen-reader-text\">Derecho de Desestimiento<\/span> Leer m\u00e1s &raquo;<\/a><\/p>\n","protected":false},"author":1,"featured_media":0,"parent":0,"menu_order":0,"comment_status":"closed","ping_status":"closed","template":"","meta":{"site-sidebar-layout":"default","site-content-layout":"","ast-site-content-layout":"default","site-content-style":"default","site-sidebar-style":"default","ast-global-header-display":"","ast-banner-title-visibility":"","ast-main-header-display":"","ast-hfb-above-header-display":"","ast-hfb-below-header-display":"","ast-hfb-mobile-header-display":"","site-post-title":"","ast-breadcrumbs-content":"","ast-featured-img":"","footer-sml-layout":"","theme-transparent-header-meta":"","adv-header-id-meta":"","stick-header-meta":"","header-above-stick-meta":"","header-main-stick-meta":"","header-below-stick-meta":"","astra-migrate-meta-layouts":"set","footnotes":""},"class_list":["post-6358","page","type-page","status-publish","hentry"],"_links":{"self":[{"href":"https:\/\/viherma.com\/index.php\/wp-json\/wp\/v2\/pages\/6358","targetHints":{"allow":["GET"]}}],"collection":[{"href":"https:\/\/viherma.com\/index.php\/wp-json\/wp\/v2\/pages"}],"about":[{"href":"https:\/\/viherma.com\/index.php\/wp-json\/wp\/v2\/types\/page"}],"author":[{"embeddable":true,"href":"https:\/\/viherma.com\/index.php\/wp-json\/wp\/v2\/users\/1"}],"replies":[{"embeddable":true,"href":"https:\/\/viherma.com\/index.php\/wp-json\/wp\/v2\/comments?post=6358"}],"version-history":[{"count":1,"href":"https:\/\/viherma.com\/index.php\/wp-json\/wp\/v2\/pages\/6358\/revisions"}],"predecessor-version":[{"id":6359,"href":"https:\/\/viherma.com\/index.php\/wp-json\/wp\/v2\/pages\/6358\/revisions\/6359"}],"wp:attachment":[{"href":"https:\/\/viherma.com\/index.php\/wp-json\/wp\/v2\/media?parent=6358"}],"curies":[{"name":"wp","href":"https:\/\/api.w.org\/{rel}","templated":true}]}}