{"id":6239,"date":"2023-10-05T15:19:48","date_gmt":"2023-10-05T15:19:48","guid":{"rendered":"https:\/\/viherma.com\/?post_type=product&#038;p=6239"},"modified":"2025-04-08T07:18:14","modified_gmt":"2025-04-08T07:18:14","slug":"tablero-de-melamina-textil-coral-cottone","status":"publish","type":"product","link":"https:\/\/viherma.com\/index.php\/producto\/tablero-de-melamina-textil-coral-cottone\/","title":{"rendered":"Tablero de Melamina Textil Coral Cottone"},"content":{"rendered":"<p>&nbsp;<\/p>\n<p>Tablero de melamina dise\u00f1o Textil Coral acabado cottone.<\/p>\n<p>Dimensiones: 244 x 122 cm<\/p>\n<p>Creados con la calidad premium que nos caracteriza, nuestros tableros de melamina destacan por su durabilidad excepcional. Olv\u00eddate de preocuparte por ara\u00f1azos, manchas o el desgaste diario, ya que estos tableros est\u00e1n dise\u00f1ados para resistir y mantener su belleza a lo largo del tiempo.<\/p>\n","protected":false},"excerpt":{"rendered":"<p>Tablero de melamina dise\u00f1o Textil Coral acabado cottone.<\/p>\n<p>Dimensiones: 244 x 122 cm<\/p>\n<p>Creados con la calidad premium que nos caracteriza, nuestros tableros de melamina destacan por su durabilidad excepcional. Olv\u00eddate de preocuparte por ara\u00f1azos, manchas o el desgaste diario, ya que estos tableros est\u00e1n dise\u00f1ados para resistir y mantener su belleza a lo largo del tiempo.<\/p>\n","protected":false},"featured_media":6192,"comment_status":"open","ping_status":"closed","template":"","meta":{"site-sidebar-layout":"default","site-content-layout":"","ast-site-content-layout":"default","site-content-style":"default","site-sidebar-style":"default","ast-global-header-display":"","ast-banner-title-visibility":"","ast-main-header-display":"","ast-hfb-above-header-display":"","ast-hfb-below-header-display":"","ast-hfb-mobile-header-display":"","site-post-title":"","ast-breadcrumbs-content":"","ast-featured-img":"","footer-sml-layout":"","theme-transparent-header-meta":"default","adv-header-id-meta":"","stick-header-meta":"","header-above-stick-meta":"","header-main-stick-meta":"","header-below-stick-meta":"","astra-migrate-meta-layouts":"set"},"product_cat":[15,24,41],"product_tag":[],"class_list":["post-6239","product","type-product","status-publish","has-post-thumbnail","hentry","product_cat-todos-productos","product_cat-tableros","product_cat-melaminas","product_shipping_class-recogida-tienda","desktop-align-center","tablet-align-center","mobile-align-center"],"_links":{"self":[{"href":"https:\/\/viherma.com\/index.php\/wp-json\/wp\/v2\/product\/6239","targetHints":{"allow":["GET"]}}],"collection":[{"href":"https:\/\/viherma.com\/index.php\/wp-json\/wp\/v2\/product"}],"about":[{"href":"https:\/\/viherma.com\/index.php\/wp-json\/wp\/v2\/types\/product"}],"replies":[{"embeddable":true,"href":"https:\/\/viherma.com\/index.php\/wp-json\/wp\/v2\/comments?post=6239"}],"wp:featuredmedia":[{"embeddable":true,"href":"https:\/\/viherma.com\/index.php\/wp-json\/wp\/v2\/media\/6192"}],"wp:attachment":[{"href":"https:\/\/viherma.com\/index.php\/wp-json\/wp\/v2\/media?parent=6239"}],"wp:term":[{"taxonomy":"product_cat","embeddable":true,"href":"https:\/\/viherma.com\/index.php\/wp-json\/wp\/v2\/product_cat?post=6239"},{"taxonomy":"product_tag","embeddable":true,"href":"https:\/\/viherma.com\/index.php\/wp-json\/wp\/v2\/product_tag?post=6239"}],"curies":[{"name":"wp","href":"https:\/\/api.w.org\/{rel}","templated":true}]}}