{"id":6274,"date":"2023-10-05T16:35:50","date_gmt":"2023-10-05T16:35:50","guid":{"rendered":"https:\/\/viherma.com\/?post_type=product&#038;p=6274"},"modified":"2025-10-21T19:37:58","modified_gmt":"2025-10-21T19:37:58","slug":"tablero-aglomerado-osb-250-x-125-cm","status":"publish","type":"product","link":"https:\/\/viherma.com\/index.php\/producto\/tablero-aglomerado-osb-250-x-125-cm\/","title":{"rendered":"Tablero Aglomerado OSB 250 x 125 cm"},"content":{"rendered":"<p>&nbsp;<\/p>\n<p>Tablero de aglomerado OSB sin cubrir.<\/p>\n<p>Dimensiones 250 x 125 cm.<\/p>\n<p>Los tableros de OSB destacan por su estructura \u00fanica, formada por virutas de madera orientadas estrat\u00e9gicamente y unidas con resinas de alta calidad. Esto no solo garantiza una durabilidad excepcional, sino tambi\u00e9n una superficie que se presta perfectamente a una amplia gama de acabados.<\/p>\n<p>Ya sea que est\u00e9s construyendo muebles robustos o buscando una soluci\u00f3n resistente para proyectos de construcci\u00f3n, nuestros tableros de OSB son la elecci\u00f3n inteligente.<\/p>\n","protected":false},"excerpt":{"rendered":"<p>Tablero de aglomerado OSB sin cubrir.<\/p>\n<p>Dimensiones 250 x 125 cm.<\/p>\n<p>Los tableros de OSB destacan por su estructura \u00fanica, formada por virutas de madera orientadas estrat\u00e9gicamente y unidas con resinas de alta calidad. Esto no solo garantiza una durabilidad excepcional, sino tambi\u00e9n una superficie que se presta perfectamente a una amplia gama de acabados.<\/p>\n<p>Ya sea que est\u00e9s construyendo muebles robustos o buscando una soluci\u00f3n resistente para proyectos de construcci\u00f3n, nuestros tableros de OSB son la elecci\u00f3n inteligente.<\/p>\n","protected":false},"featured_media":6273,"comment_status":"open","ping_status":"closed","template":"","meta":{"site-sidebar-layout":"default","site-content-layout":"","ast-site-content-layout":"default","site-content-style":"default","site-sidebar-style":"default","ast-global-header-display":"","ast-banner-title-visibility":"","ast-main-header-display":"","ast-hfb-above-header-display":"","ast-hfb-below-header-display":"","ast-hfb-mobile-header-display":"","site-post-title":"","ast-breadcrumbs-content":"","ast-featured-img":"","footer-sml-layout":"","theme-transparent-header-meta":"default","adv-header-id-meta":"","stick-header-meta":"","header-above-stick-meta":"","header-main-stick-meta":"","header-below-stick-meta":"","astra-migrate-meta-layouts":"set"},"product_cat":[15,24,42],"product_tag":[],"class_list":["post-6274","product","type-product","status-publish","has-post-thumbnail","hentry","product_cat-todos-productos","product_cat-tableros","product_cat-aglomerado","desktop-align-center","tablet-align-center","mobile-align-center"],"_links":{"self":[{"href":"https:\/\/viherma.com\/index.php\/wp-json\/wp\/v2\/product\/6274","targetHints":{"allow":["GET"]}}],"collection":[{"href":"https:\/\/viherma.com\/index.php\/wp-json\/wp\/v2\/product"}],"about":[{"href":"https:\/\/viherma.com\/index.php\/wp-json\/wp\/v2\/types\/product"}],"replies":[{"embeddable":true,"href":"https:\/\/viherma.com\/index.php\/wp-json\/wp\/v2\/comments?post=6274"}],"wp:featuredmedia":[{"embeddable":true,"href":"https:\/\/viherma.com\/index.php\/wp-json\/wp\/v2\/media\/6273"}],"wp:attachment":[{"href":"https:\/\/viherma.com\/index.php\/wp-json\/wp\/v2\/media?parent=6274"}],"wp:term":[{"taxonomy":"product_cat","embeddable":true,"href":"https:\/\/viherma.com\/index.php\/wp-json\/wp\/v2\/product_cat?post=6274"},{"taxonomy":"product_tag","embeddable":true,"href":"https:\/\/viherma.com\/index.php\/wp-json\/wp\/v2\/product_tag?post=6274"}],"curies":[{"name":"wp","href":"https:\/\/api.w.org\/{rel}","templated":true}]}}