{"id":6292,"date":"2023-10-06T06:20:04","date_gmt":"2023-10-06T06:20:04","guid":{"rendered":"https:\/\/viherma.com\/?post_type=product&#038;p=6292"},"modified":"2025-04-08T07:12:23","modified_gmt":"2025-04-08T07:12:23","slug":"tablero-fibra-mdf-crudo-244x122-cm","status":"publish","type":"product","link":"https:\/\/viherma.com\/index.php\/producto\/tablero-fibra-mdf-crudo-244x122-cm\/","title":{"rendered":"Tablero Fibra MDF Crudo 244&#215;122 cm"},"content":{"rendered":"<p>&nbsp;<\/p>\n<p>Tablero Fibra MDF crudo sin cubrir.<\/p>\n<p>Dimensiones 244&#215;122 cm.<\/p>\n<p>La fibra MDF es la elecci\u00f3n perfecta para aquellos que buscan un equilibrio perfecto entre versatilidad y calidad. Estos tableros, fabricados con fibras de madera de alta calidad y resinas, ofrecen una base uniforme y resistente para una gran variedad de aplicaciones.<\/p>\n<p>La superficie lisa y homog\u00e9nea de los tableros de MDF proporciona la paleta ideal para tus creaciones. Desde proyectos de carpinter\u00eda fina hasta detalles intrincados, la fibra MDF responde con precisi\u00f3n a tus necesidades creativas, permiti\u00e9ndote lograr acabados impecables y detalles delicados.<\/p>\n<p>Adem\u00e1s de su versatilidad, los tableros de MDF son conocidos por su estabilidad dimensional, lo que los hace ideales para proyectos que requieren precisi\u00f3n como por ejemplo pintar sobre ellos. La capacidad de resistir la expansi\u00f3n y contracci\u00f3n les permite mantener su forma original a lo largo del tiempo, garantizando la durabilidad de tus creaciones.<\/p>\n","protected":false},"excerpt":{"rendered":"<p>Tablero Fibra MDF crudo sin cubrir.<\/p>\n<p>Dimensiones 244&#215;122 cm.<\/p>\n<p>La fibra MDF es la elecci\u00f3n perfecta para aquellos que buscan un equilibrio perfecto entre versatilidad y calidad. Estos tableros, fabricados con fibras de madera de alta calidad y resinas, ofrecen una base uniforme y resistente para una gran variedad de aplicaciones.<\/p>\n<p>La superficie lisa y homog\u00e9nea de los tableros de MDF proporciona la paleta ideal para tus creaciones. Desde proyectos de carpinter\u00eda fina hasta detalles intrincados, la fibra MDF responde con precisi\u00f3n a tus necesidades creativas, permiti\u00e9ndote lograr acabados impecables y detalles delicados.<\/p>\n<p>Adem\u00e1s de su versatilidad, los tableros de MDF son conocidos por su estabilidad dimensional, lo que los hace ideales para proyectos que requieren precisi\u00f3n como por ejemplo pintar sobre ellos. La capacidad de resistir la expansi\u00f3n y contracci\u00f3n les permite mantener su forma original a lo largo del tiempo, garantizando la durabilidad de tus creaciones.<\/p>\n","protected":false},"featured_media":6293,"comment_status":"open","ping_status":"closed","template":"","meta":{"site-sidebar-layout":"default","site-content-layout":"","ast-site-content-layout":"default","site-content-style":"default","site-sidebar-style":"default","ast-global-header-display":"","ast-banner-title-visibility":"","ast-main-header-display":"","ast-hfb-above-header-display":"","ast-hfb-below-header-display":"","ast-hfb-mobile-header-display":"","site-post-title":"","ast-breadcrumbs-content":"","ast-featured-img":"","footer-sml-layout":"","theme-transparent-header-meta":"default","adv-header-id-meta":"","stick-header-meta":"","header-above-stick-meta":"","header-main-stick-meta":"","header-below-stick-meta":"","astra-migrate-meta-layouts":"set"},"product_cat":[15,24,43],"product_tag":[],"class_list":["post-6292","product","type-product","status-publish","has-post-thumbnail","hentry","product_cat-todos-productos","product_cat-tableros","product_cat-fibra-mdf","product_shipping_class-recogida-tienda","desktop-align-center","tablet-align-center","mobile-align-center"],"_links":{"self":[{"href":"https:\/\/viherma.com\/index.php\/wp-json\/wp\/v2\/product\/6292","targetHints":{"allow":["GET"]}}],"collection":[{"href":"https:\/\/viherma.com\/index.php\/wp-json\/wp\/v2\/product"}],"about":[{"href":"https:\/\/viherma.com\/index.php\/wp-json\/wp\/v2\/types\/product"}],"replies":[{"embeddable":true,"href":"https:\/\/viherma.com\/index.php\/wp-json\/wp\/v2\/comments?post=6292"}],"wp:featuredmedia":[{"embeddable":true,"href":"https:\/\/viherma.com\/index.php\/wp-json\/wp\/v2\/media\/6293"}],"wp:attachment":[{"href":"https:\/\/viherma.com\/index.php\/wp-json\/wp\/v2\/media?parent=6292"}],"wp:term":[{"taxonomy":"product_cat","embeddable":true,"href":"https:\/\/viherma.com\/index.php\/wp-json\/wp\/v2\/product_cat?post=6292"},{"taxonomy":"product_tag","embeddable":true,"href":"https:\/\/viherma.com\/index.php\/wp-json\/wp\/v2\/product_tag?post=6292"}],"curies":[{"name":"wp","href":"https:\/\/api.w.org\/{rel}","templated":true}]}}