{"id":6314,"date":"2023-10-06T06:50:42","date_gmt":"2023-10-06T06:50:42","guid":{"rendered":"https:\/\/viherma.com\/?post_type=product&#038;p=6314"},"modified":"2025-11-01T04:47:55","modified_gmt":"2025-11-01T04:47:55","slug":"tablero-contrachapado-calabo-244x122-cm","status":"publish","type":"product","link":"https:\/\/viherma.com\/index.php\/producto\/tablero-contrachapado-calabo-244x122-cm\/","title":{"rendered":"Tablero Contrachapado Calabo 244&#215;122 cm"},"content":{"rendered":"<p>&nbsp;<\/p>\n<p>Tablero Contrachapado de madera de Calabo crudo.<\/p>\n<p>Dimensiones 244&#215;122 cm.<\/p>\n<div class=\"flex-1 overflow-hidden\">\n<div class=\"react-scroll-to-bottom--css-hnflr-79elbk h-full dark:bg-gray-800\">\n<div class=\"react-scroll-to-bottom--css-hnflr-1n7m0yu\">\n<div class=\"flex flex-col text-sm dark:bg-gray-800\">\n<div class=\"group w-full text-token-text-primary border-b border-black\/10 gizmo:border-0 dark:border-gray-900\/50 gizmo:dark:border-0 bg-gray-50 gizmo:bg-transparent dark:bg-[#444654] gizmo:dark:bg-transparent\" data-testid=\"conversation-turn-19\">\n<div class=\"p-4 justify-center text-base md:gap-6 md:py-6 m-auto\">\n<div class=\"flex flex-1 gap-4 text-base mx-auto md:gap-6 gizmo:gap-3 gizmo:md:px-5 gizmo:lg:px-1 gizmo:xl:px-5 md:max-w-2xl lg:max-w-[38rem] gizmo:md:max-w-3xl gizmo:lg:max-w-[40rem] gizmo:xl:max-w-[48rem] xl:max-w-3xl }\">\n<div class=\"relative flex w-[calc(100%-50px)] flex-col gap-1 gizmo:w-full md:gap-3 lg:w-[calc(100%-115px)] agent-turn\">\n<div class=\"flex flex-grow flex-col gap-3 max-w-full\">\n<div class=\"min-h-[20px] flex flex-col items-start gap-3 whitespace-pre-wrap break-words overflow-x-auto\">\n<div class=\"markdown prose w-full break-words dark:prose-invert light\">\n<p>Estos tableros, elaborados con capas de madera de calabo cuidadosamente unidas, ofrecen una combinaci\u00f3n \u00fanica de durabilidad y belleza natural.<\/p>\n<p>El calabo, con su grano distintivo y tonalidades c\u00e1lidas, agrega un toque de elegancia a cada proyecto. Cada capa se fusiona armoniosamente, creando una superficie estable y resistente que es ideal para una variedad de aplicaciones, desde muebles hasta proyectos de construcci\u00f3n.<\/p>\n<p>La construcci\u00f3n en capas de estos tableros contrachapados proporciona una estabilidad dimensional excepcional, lo que los convierte en la elecci\u00f3n perfecta para proyectos que requieren precisi\u00f3n y resistencia. Ya sea que est\u00e9s esculpiendo detalles finos o construyendo estructuras robustas, nuestros tableros contrachapados de calabo te ofrecen la base s\u00f3lida que necesitas.<\/p>\n<p>Emb\u00e1rcate en tus proyectos con la confianza de saber que est\u00e1s utilizando un material que combina la resistencia del contrachapado con la belleza natural del calabo. \u00a1Haz que tus creaciones destaquen con la autenticidad \u00fanica de nuestros tableros contrachapados de calabo!<\/p>\n<\/div>\n<\/div>\n<\/div>\n<\/div>\n<\/div>\n<\/div>\n<\/div>\n<\/div>\n<\/div>\n<\/div>\n<\/div>\n","protected":false},"excerpt":{"rendered":"<p>Tablero Contrachapado de madera de Calabo crudo.<\/p>\n<p>Dimensiones 244&#215;122 cm.<\/p>\n<div class=\"flex-1 overflow-hidden\">\n<div class=\"react-scroll-to-bottom--css-hnflr-79elbk h-full dark:bg-gray-800\">\n<div class=\"react-scroll-to-bottom--css-hnflr-1n7m0yu\">\n<div class=\"flex flex-col text-sm dark:bg-gray-800\">\n<div class=\"group w-full text-token-text-primary border-b border-black\/10 gizmo:border-0 dark:border-gray-900\/50 gizmo:dark:border-0 bg-gray-50 gizmo:bg-transparent dark:bg-[#444654] gizmo:dark:bg-transparent\" data-testid=\"conversation-turn-19\">\n<div class=\"p-4 justify-center text-base md:gap-6 md:py-6 m-auto\">\n<div class=\"flex flex-1 gap-4 text-base mx-auto md:gap-6 gizmo:gap-3 gizmo:md:px-5 gizmo:lg:px-1 gizmo:xl:px-5 md:max-w-2xl lg:max-w-[38rem] gizmo:md:max-w-3xl gizmo:lg:max-w-[40rem] gizmo:xl:max-w-[48rem] xl:max-w-3xl }\">\n<div class=\"relative flex w-[calc(100%-50px)] flex-col gap-1 gizmo:w-full md:gap-3 lg:w-[calc(100%-115px)] agent-turn\">\n<div class=\"flex flex-grow flex-col gap-3 max-w-full\">\n<div class=\"min-h-[20px] flex flex-col items-start gap-3 whitespace-pre-wrap break-words overflow-x-auto\">\n<div class=\"markdown prose w-full break-words dark:prose-invert light\">\n<p>Estos tableros, elaborados con capas de madera de calabo cuidadosamente unidas, ofrecen una combinaci\u00f3n \u00fanica de durabilidad y belleza natural.<\/p>\n<p>El calabo, con su grano distintivo y tonalidades c\u00e1lidas, agrega un toque de elegancia a cada proyecto. Cada capa se fusiona armoniosamente, creando una superficie estable y resistente que es ideal para una variedad de aplicaciones, desde muebles hasta proyectos de construcci\u00f3n.<\/p>\n<p>La construcci\u00f3n en capas de estos tableros contrachapados proporciona una estabilidad dimensional excepcional, lo que los convierte en la elecci\u00f3n perfecta para proyectos que requieren precisi\u00f3n y resistencia. Ya sea que est\u00e9s esculpiendo detalles finos o construyendo estructuras robustas, nuestros tableros contrachapados de calabo te ofrecen la base s\u00f3lida que necesitas.<\/p>\n<p>Emb\u00e1rcate en tus proyectos con la confianza de saber que est\u00e1s utilizando un material que combina la resistencia del contrachapado con la belleza natural del calabo. \u00a1Haz que tus creaciones destaquen con la autenticidad \u00fanica de nuestros tableros contrachapados de calabo!<\/p>\n<\/div>\n<\/div>\n<\/div>\n<\/div>\n<\/div>\n<\/div>\n<\/div>\n<\/div>\n<\/div>\n<\/div>\n<\/div>\n","protected":false},"featured_media":6315,"comment_status":"open","ping_status":"closed","template":"","meta":{"site-sidebar-layout":"default","site-content-layout":"","ast-site-content-layout":"default","site-content-style":"default","site-sidebar-style":"default","ast-global-header-display":"","ast-banner-title-visibility":"","ast-main-header-display":"","ast-hfb-above-header-display":"","ast-hfb-below-header-display":"","ast-hfb-mobile-header-display":"","site-post-title":"","ast-breadcrumbs-content":"","ast-featured-img":"","footer-sml-layout":"","theme-transparent-header-meta":"default","adv-header-id-meta":"","stick-header-meta":"","header-above-stick-meta":"","header-main-stick-meta":"","header-below-stick-meta":"","astra-migrate-meta-layouts":"set"},"product_cat":[15,24,45],"product_tag":[],"class_list":["post-6314","product","type-product","status-publish","has-post-thumbnail","hentry","product_cat-todos-productos","product_cat-tableros","product_cat-contrachapados","product_shipping_class-recogida-tienda","desktop-align-center","tablet-align-center","mobile-align-center"],"_links":{"self":[{"href":"https:\/\/viherma.com\/index.php\/wp-json\/wp\/v2\/product\/6314","targetHints":{"allow":["GET"]}}],"collection":[{"href":"https:\/\/viherma.com\/index.php\/wp-json\/wp\/v2\/product"}],"about":[{"href":"https:\/\/viherma.com\/index.php\/wp-json\/wp\/v2\/types\/product"}],"replies":[{"embeddable":true,"href":"https:\/\/viherma.com\/index.php\/wp-json\/wp\/v2\/comments?post=6314"}],"wp:featuredmedia":[{"embeddable":true,"href":"https:\/\/viherma.com\/index.php\/wp-json\/wp\/v2\/media\/6315"}],"wp:attachment":[{"href":"https:\/\/viherma.com\/index.php\/wp-json\/wp\/v2\/media?parent=6314"}],"wp:term":[{"taxonomy":"product_cat","embeddable":true,"href":"https:\/\/viherma.com\/index.php\/wp-json\/wp\/v2\/product_cat?post=6314"},{"taxonomy":"product_tag","embeddable":true,"href":"https:\/\/viherma.com\/index.php\/wp-json\/wp\/v2\/product_tag?post=6314"}],"curies":[{"name":"wp","href":"https:\/\/api.w.org\/{rel}","templated":true}]}}