{"id":6324,"date":"2023-10-06T07:31:55","date_gmt":"2023-10-06T07:31:55","guid":{"rendered":"https:\/\/viherma.com\/?post_type=product&#038;p=6324"},"modified":"2025-04-08T06:58:03","modified_gmt":"2025-04-08T06:58:03","slug":"tablero-contrachapado-carrocero-250-x-125-cm","status":"publish","type":"product","link":"https:\/\/viherma.com\/index.php\/producto\/tablero-contrachapado-carrocero-250-x-125-cm\/","title":{"rendered":"Tablero Contrachapado Carrocero 250 x 125 cm"},"content":{"rendered":"<p>Tablero Contrachapado de Carrocero.<\/p>\n<p>Dimensiones 250 x 125 cm.<\/p>\n<div class=\"flex-1 overflow-hidden\">\n<div class=\"react-scroll-to-bottom--css-hnflr-79elbk h-full dark:bg-gray-800\">\n<div class=\"react-scroll-to-bottom--css-hnflr-1n7m0yu\">\n<div class=\"flex flex-col text-sm dark:bg-gray-800\">\n<div class=\"group w-full text-token-text-primary border-b border-black\/10 gizmo:border-0 dark:border-gray-900\/50 gizmo:dark:border-0 bg-gray-50 gizmo:bg-transparent dark:bg-[#444654] gizmo:dark:bg-transparent\" data-testid=\"conversation-turn-21\">\n<div class=\"p-4 justify-center text-base md:gap-6 md:py-6 m-auto\">\n<div class=\"flex flex-1 gap-4 text-base mx-auto md:gap-6 gizmo:gap-3 gizmo:md:px-5 gizmo:lg:px-1 gizmo:xl:px-5 md:max-w-2xl lg:max-w-[38rem] gizmo:md:max-w-3xl gizmo:lg:max-w-[40rem] gizmo:xl:max-w-[48rem] xl:max-w-3xl }\">\n<div class=\"relative flex w-[calc(100%-50px)] flex-col gap-1 gizmo:w-full md:gap-3 lg:w-[calc(100%-115px)] agent-turn\">\n<div class=\"flex flex-grow flex-col gap-3 max-w-full\">\n<div class=\"min-h-[20px] flex flex-col items-start gap-3 whitespace-pre-wrap break-words overflow-x-auto\">\n<div class=\"markdown prose w-full break-words dark:prose-invert light\">\n<p>Dise\u00f1ados para soportar las demandas rigurosas de aplicaciones automotrices, estos tableros ofrecen una combinaci\u00f3n \u00fanica de fuerza y ligereza.<\/p>\n<p>El n\u00facleo de madera contrachapada garantiza una resistencia estructural excepcional, mientras que su peso ligero facilita la manipulaci\u00f3n y el uso en aplicaciones de carrocer\u00eda. Ya sea que est\u00e9s construyendo componentes interiores para veh\u00edculos o trabajando en la estructura de una carrocer\u00eda, estos tableros son la elecci\u00f3n ideal.<\/p>\n<p>La durabilidad superior de los tableros contrachapados carroceros se complementa con su capacidad para resistir condiciones adversas, como cambios de temperatura y humedad. Esta resistencia hace que sean la opci\u00f3n confiable para proyectos automotrices que requieren un rendimiento excepcional a lo largo del tiempo.<\/p>\n<p>Eleva la calidad y la eficiencia de tus proyectos automotrices con nuestros tableros contrachapados carroceros. La combinaci\u00f3n perfecta de fuerza, ligereza y durabilidad para llevar tus creaciones al siguiente nivel. \u00a1Haz que cada detalle cuente con la excelencia de nuestros tableros contrachapados especializados para carrocer\u00edas!<\/p>\n<\/div>\n<\/div>\n<\/div>\n<\/div>\n<\/div>\n<\/div>\n<\/div>\n<\/div>\n<\/div>\n<\/div>\n<\/div>\n","protected":false},"excerpt":{"rendered":"<p>Tablero Contrachapado de Carrocero.<\/p>\n<p>Dimensiones 250 x 125 cm.<\/p>\n<div class=\"flex-1 overflow-hidden\">\n<div class=\"react-scroll-to-bottom--css-hnflr-79elbk h-full dark:bg-gray-800\">\n<div class=\"react-scroll-to-bottom--css-hnflr-1n7m0yu\">\n<div class=\"flex flex-col text-sm dark:bg-gray-800\">\n<div class=\"group w-full text-token-text-primary border-b border-black\/10 gizmo:border-0 dark:border-gray-900\/50 gizmo:dark:border-0 bg-gray-50 gizmo:bg-transparent dark:bg-[#444654] gizmo:dark:bg-transparent\" data-testid=\"conversation-turn-21\">\n<div class=\"p-4 justify-center text-base md:gap-6 md:py-6 m-auto\">\n<div class=\"flex flex-1 gap-4 text-base mx-auto md:gap-6 gizmo:gap-3 gizmo:md:px-5 gizmo:lg:px-1 gizmo:xl:px-5 md:max-w-2xl lg:max-w-[38rem] gizmo:md:max-w-3xl gizmo:lg:max-w-[40rem] gizmo:xl:max-w-[48rem] xl:max-w-3xl }\">\n<div class=\"relative flex w-[calc(100%-50px)] flex-col gap-1 gizmo:w-full md:gap-3 lg:w-[calc(100%-115px)] agent-turn\">\n<div class=\"flex flex-grow flex-col gap-3 max-w-full\">\n<div class=\"min-h-[20px] flex flex-col items-start gap-3 whitespace-pre-wrap break-words overflow-x-auto\">\n<div class=\"markdown prose w-full break-words dark:prose-invert light\">\n<p>Dise\u00f1ados para soportar las demandas rigurosas de aplicaciones automotrices, estos tableros ofrecen una combinaci\u00f3n \u00fanica de fuerza y ligereza.<\/p>\n<p>El n\u00facleo de madera contrachapada garantiza una resistencia estructural excepcional, mientras que su peso ligero facilita la manipulaci\u00f3n y el uso en aplicaciones de carrocer\u00eda. Ya sea que est\u00e9s construyendo componentes interiores para veh\u00edculos o trabajando en la estructura de una carrocer\u00eda, estos tableros son la elecci\u00f3n ideal.<\/p>\n<p>La durabilidad superior de los tableros contrachapados carroceros se complementa con su capacidad para resistir condiciones adversas, como cambios de temperatura y humedad. Esta resistencia hace que sean la opci\u00f3n confiable para proyectos automotrices que requieren un rendimiento excepcional a lo largo del tiempo.<\/p>\n<p>Eleva la calidad y la eficiencia de tus proyectos automotrices con nuestros tableros contrachapados carroceros. La combinaci\u00f3n perfecta de fuerza, ligereza y durabilidad para llevar tus creaciones al siguiente nivel. \u00a1Haz que cada detalle cuente con la excelencia de nuestros tableros contrachapados especializados para carrocer\u00edas!<\/p>\n<\/div>\n<\/div>\n<\/div>\n<\/div>\n<\/div>\n<\/div>\n<\/div>\n<\/div>\n<\/div>\n<\/div>\n<\/div>\n","protected":false},"featured_media":6325,"comment_status":"open","ping_status":"closed","template":"","meta":{"site-sidebar-layout":"default","site-content-layout":"","ast-site-content-layout":"default","site-content-style":"default","site-sidebar-style":"default","ast-global-header-display":"","ast-banner-title-visibility":"","ast-main-header-display":"","ast-hfb-above-header-display":"","ast-hfb-below-header-display":"","ast-hfb-mobile-header-display":"","site-post-title":"","ast-breadcrumbs-content":"","ast-featured-img":"","footer-sml-layout":"","theme-transparent-header-meta":"default","adv-header-id-meta":"","stick-header-meta":"","header-above-stick-meta":"","header-main-stick-meta":"","header-below-stick-meta":"","astra-migrate-meta-layouts":"set"},"product_cat":[15,24,45],"product_tag":[],"class_list":["post-6324","product","type-product","status-publish","has-post-thumbnail","hentry","product_cat-todos-productos","product_cat-tableros","product_cat-contrachapados","product_shipping_class-recogida-tienda","desktop-align-center","tablet-align-center","mobile-align-center"],"_links":{"self":[{"href":"https:\/\/viherma.com\/index.php\/wp-json\/wp\/v2\/product\/6324","targetHints":{"allow":["GET"]}}],"collection":[{"href":"https:\/\/viherma.com\/index.php\/wp-json\/wp\/v2\/product"}],"about":[{"href":"https:\/\/viherma.com\/index.php\/wp-json\/wp\/v2\/types\/product"}],"replies":[{"embeddable":true,"href":"https:\/\/viherma.com\/index.php\/wp-json\/wp\/v2\/comments?post=6324"}],"wp:featuredmedia":[{"embeddable":true,"href":"https:\/\/viherma.com\/index.php\/wp-json\/wp\/v2\/media\/6325"}],"wp:attachment":[{"href":"https:\/\/viherma.com\/index.php\/wp-json\/wp\/v2\/media?parent=6324"}],"wp:term":[{"taxonomy":"product_cat","embeddable":true,"href":"https:\/\/viherma.com\/index.php\/wp-json\/wp\/v2\/product_cat?post=6324"},{"taxonomy":"product_tag","embeddable":true,"href":"https:\/\/viherma.com\/index.php\/wp-json\/wp\/v2\/product_tag?post=6324"}],"curies":[{"name":"wp","href":"https:\/\/api.w.org\/{rel}","templated":true}]}}