{"id":6484,"date":"2023-10-09T06:56:56","date_gmt":"2023-10-09T06:56:56","guid":{"rendered":"https:\/\/viherma.com\/?post_type=product&#038;p=6484"},"modified":"2024-09-24T09:53:17","modified_gmt":"2024-09-24T09:53:17","slug":"cera-para-emplastecer-avellana-30-gr","status":"publish","type":"product","link":"https:\/\/viherma.com\/index.php\/producto\/cera-para-emplastecer-avellana-30-gr\/","title":{"rendered":"Cera para emplastecer Avellana 30 gr"},"content":{"rendered":"<p>&nbsp;<\/p>\n<p>Cera blanda para emplastecer madera color Avellana de Promade.<\/p>\n<p>Cantidad: 30 gr<\/p>\n<div class=\"flex-1 overflow-hidden\">\n<div class=\"react-scroll-to-bottom--css-coapy-79elbk h-full dark:bg-gray-800\">\n<div class=\"react-scroll-to-bottom--css-coapy-1n7m0yu\">\n<div class=\"flex flex-col text-sm dark:bg-gray-800\">\n<div class=\"group w-full text-token-text-primary border-b border-black\/10 gizmo:border-0 dark:border-gray-900\/50 gizmo:dark:border-0 bg-gray-50 gizmo:bg-transparent dark:bg-[#444654] gizmo:dark:bg-transparent\" data-testid=\"conversation-turn-25\">\n<div class=\"p-4 justify-center text-base md:gap-6 md:py-6 m-auto\">\n<div class=\"flex flex-1 gap-4 text-base mx-auto md:gap-6 gizmo:gap-3 gizmo:md:px-5 gizmo:lg:px-1 gizmo:xl:px-5 md:max-w-2xl lg:max-w-[38rem] gizmo:md:max-w-3xl gizmo:lg:max-w-[40rem] gizmo:xl:max-w-[48rem] xl:max-w-3xl }\">\n<div class=\"relative flex w-[calc(100%-50px)] flex-col gap-1 gizmo:w-full md:gap-3 lg:w-[calc(100%-115px)] agent-turn\">\n<div class=\"flex flex-grow flex-col gap-3 max-w-full\">\n<div class=\"min-h-[20px] flex flex-col items-start gap-3 whitespace-pre-wrap break-words overflow-x-auto\">\n<div class=\"markdown prose w-full break-words dark:prose-invert light\">\n<p>Dise\u00f1ada para transformar tus proyectos en obras de arte, nuestra cera ofrece una soluci\u00f3n vers\u00e1til y f\u00e1cil de usar para todo tipo de reparaciones y acabados.<\/p>\n<p>Con su f\u00f3rmula \u00fanica, esta cera blanda se funde suavemente en las grietas y huecos, proporcionando una superficie lisa y homog\u00e9nea. Ya sea que est\u00e9s restaurando muebles antiguos, reparando peque\u00f1as imperfecciones o creando detalles art\u00edsticos, esta cera es tu aliada perfecta.<\/p>\n<p>La aplicaci\u00f3n es tan f\u00e1cil como impresionante: simplemente aplica la cera con suavidad y observa c\u00f3mo tus proyectos cobran vida. Su textura suave y maleable permite una manipulaci\u00f3n precisa, asegurando resultados impecables en cada aplicaci\u00f3n.<\/p>\n<p>No solo es una soluci\u00f3n pr\u00e1ctica, sino que esta cera blanda tambi\u00e9n ofrece una resistencia duradera. Una vez aplicada, se seca r\u00e1pidamente, creando una capa resistente que protege y realza la belleza de tus creaciones.<\/p>\n<\/div>\n<\/div>\n<\/div>\n<\/div>\n<\/div>\n<\/div>\n<\/div>\n<\/div>\n<\/div>\n<\/div>\n<\/div>\n","protected":false},"excerpt":{"rendered":"<p>Cera blanda para emplastecer madera color Avellana de Promade.<\/p>\n<p>Cantidad: 30 gr<\/p>\n<div class=\"flex-1 overflow-hidden\">\n<div class=\"react-scroll-to-bottom--css-coapy-79elbk h-full dark:bg-gray-800\">\n<div class=\"react-scroll-to-bottom--css-coapy-1n7m0yu\">\n<div class=\"flex flex-col text-sm dark:bg-gray-800\">\n<div class=\"group w-full text-token-text-primary border-b border-black\/10 gizmo:border-0 dark:border-gray-900\/50 gizmo:dark:border-0 bg-gray-50 gizmo:bg-transparent dark:bg-[#444654] gizmo:dark:bg-transparent\" data-testid=\"conversation-turn-25\">\n<div class=\"p-4 justify-center text-base md:gap-6 md:py-6 m-auto\">\n<div class=\"flex flex-1 gap-4 text-base mx-auto md:gap-6 gizmo:gap-3 gizmo:md:px-5 gizmo:lg:px-1 gizmo:xl:px-5 md:max-w-2xl lg:max-w-[38rem] gizmo:md:max-w-3xl gizmo:lg:max-w-[40rem] gizmo:xl:max-w-[48rem] xl:max-w-3xl }\">\n<div class=\"relative flex w-[calc(100%-50px)] flex-col gap-1 gizmo:w-full md:gap-3 lg:w-[calc(100%-115px)] agent-turn\">\n<div class=\"flex flex-grow flex-col gap-3 max-w-full\">\n<div class=\"min-h-[20px] flex flex-col items-start gap-3 whitespace-pre-wrap break-words overflow-x-auto\">\n<div class=\"markdown prose w-full break-words dark:prose-invert light\">\n<p>Dise\u00f1ada para transformar tus proyectos en obras de arte, nuestra cera ofrece una soluci\u00f3n vers\u00e1til y f\u00e1cil de usar para todo tipo de reparaciones y acabados.<\/p>\n<p>Con su f\u00f3rmula \u00fanica, esta cera blanda se funde suavemente en las grietas y huecos, proporcionando una superficie lisa y homog\u00e9nea. Ya sea que est\u00e9s restaurando muebles antiguos, reparando peque\u00f1as imperfecciones o creando detalles art\u00edsticos, esta cera es tu aliada perfecta.<\/p>\n<p>La aplicaci\u00f3n es tan f\u00e1cil como impresionante: simplemente aplica la cera con suavidad y observa c\u00f3mo tus proyectos cobran vida. Su textura suave y maleable permite una manipulaci\u00f3n precisa, asegurando resultados impecables en cada aplicaci\u00f3n.<\/p>\n<p>No solo es una soluci\u00f3n pr\u00e1ctica, sino que esta cera blanda tambi\u00e9n ofrece una resistencia duradera. Una vez aplicada, se seca r\u00e1pidamente, creando una capa resistente que protege y realza la belleza de tus creaciones.<\/p>\n<\/div>\n<\/div>\n<\/div>\n<\/div>\n<\/div>\n<\/div>\n<\/div>\n<\/div>\n<\/div>\n<\/div>\n<\/div>\n","protected":false},"featured_media":6487,"comment_status":"open","ping_status":"closed","template":"","meta":{"site-sidebar-layout":"default","site-content-layout":"","ast-site-content-layout":"default","site-content-style":"default","site-sidebar-style":"default","ast-global-header-display":"","ast-banner-title-visibility":"","ast-main-header-display":"","ast-hfb-above-header-display":"","ast-hfb-below-header-display":"","ast-hfb-mobile-header-display":"","site-post-title":"","ast-breadcrumbs-content":"","ast-featured-img":"","footer-sml-layout":"","theme-transparent-header-meta":"default","adv-header-id-meta":"","stick-header-meta":"","header-above-stick-meta":"","header-main-stick-meta":"","header-below-stick-meta":"","astra-migrate-meta-layouts":"set"},"product_cat":[15,50,52],"product_tag":[],"class_list":["post-6484","product","type-product","status-publish","has-post-thumbnail","hentry","product_cat-todos-productos","product_cat-productos-para-madera","product_cat-barnices-y-ceras","product_shipping_class-recogida-tienda","desktop-align-center","tablet-align-center","mobile-align-center"],"_links":{"self":[{"href":"https:\/\/viherma.com\/index.php\/wp-json\/wp\/v2\/product\/6484","targetHints":{"allow":["GET"]}}],"collection":[{"href":"https:\/\/viherma.com\/index.php\/wp-json\/wp\/v2\/product"}],"about":[{"href":"https:\/\/viherma.com\/index.php\/wp-json\/wp\/v2\/types\/product"}],"replies":[{"embeddable":true,"href":"https:\/\/viherma.com\/index.php\/wp-json\/wp\/v2\/comments?post=6484"}],"wp:featuredmedia":[{"embeddable":true,"href":"https:\/\/viherma.com\/index.php\/wp-json\/wp\/v2\/media\/6487"}],"wp:attachment":[{"href":"https:\/\/viherma.com\/index.php\/wp-json\/wp\/v2\/media?parent=6484"}],"wp:term":[{"taxonomy":"product_cat","embeddable":true,"href":"https:\/\/viherma.com\/index.php\/wp-json\/wp\/v2\/product_cat?post=6484"},{"taxonomy":"product_tag","embeddable":true,"href":"https:\/\/viherma.com\/index.php\/wp-json\/wp\/v2\/product_tag?post=6484"}],"curies":[{"name":"wp","href":"https:\/\/api.w.org\/{rel}","templated":true}]}}