{"id":6505,"date":"2023-10-09T07:55:25","date_gmt":"2023-10-09T07:55:25","guid":{"rendered":"https:\/\/viherma.com\/?post_type=product&#038;p=6505"},"modified":"2024-09-24T09:46:30","modified_gmt":"2024-09-24T09:46:30","slug":"barniz-intemperie-brillo-de-promade","status":"publish","type":"product","link":"https:\/\/viherma.com\/index.php\/producto\/barniz-intemperie-brillo-de-promade\/","title":{"rendered":"Barniz Intemperie Brillo de Promade"},"content":{"rendered":"<div class=\"elementor-divider\"><\/div>\n<div>Barniz Intemperie con acabado brillo duradero de Promade para proterer las maderas en el exterior ante las adversidades como lluvia, sol, salinidad, etc.<\/div>\n<div><\/div>\n<div>\n<p>&nbsp;<\/p>\n<\/div>\n","protected":false},"excerpt":{"rendered":"<div>Barniz Intemperie con acabado brillo duradero de Promade para proterer las maderas en el exterior ante las adversidades como lluvia, sol, salinidad, etc.<\/div>\n<div><\/div>\n<div><strong>Modo de Empleo:<\/strong><\/div>\n<div><\/div>\n<div>\n<p>Remover el contenido del envase y esperar un par de minutos antes de aplicar. La superficie a barnizar tiene que estar limpia, seca y sin restos de barnices o ceras.<\/p>\n<p><strong>Maderas nuevas:<\/strong><strong>\u00a0<\/strong>Aplicar una primera mano del producto rebaj\u00e1ndolo 20% aprox. con disolvente sint\u00e9tico o aguarr\u00e1s, con el fin de que penetre perfectamente en el poro de la madera. Esperar 24 horas, lijar suavemente con taco de lija fino en sentido de la veta y aplicar una segunda mano rebajando un 5-10 % aprox.<\/p>\n<p><strong>Maderas barnizadas:<\/strong>\u00a0Si el barniz estuviese bien adherido, lijar suavemente y aplicar el producto. Si en cambio, estuviese cuarteado o mal adherido, eliminarlo mediante lijado o decapado hasta llegar a la madera. Eliminar el polvo, etc. y tratarlo como madera nueva.<\/p>\n<p>Se recomienda hacer una prueba aplicando primero una peque\u00f1a cantidad en una zona poco visible para comprobar la compatibilidad del producto con la superficie a tratar.<\/p>\n<p>Las propiedades de este producto pueden variar seg\u00fan el tipo de madera a tratar, la forma de aplicaci\u00f3n o las condiciones de exposici\u00f3n.<\/p>\n<p>Conservar el envase en condiciones adecuadas al resguardo de heladas, altas temperaturas o luz solar directa.<\/p>\n<\/div>\n","protected":false},"featured_media":6506,"comment_status":"open","ping_status":"closed","template":"","meta":{"site-sidebar-layout":"default","site-content-layout":"","ast-site-content-layout":"default","site-content-style":"default","site-sidebar-style":"default","ast-global-header-display":"","ast-banner-title-visibility":"","ast-main-header-display":"","ast-hfb-above-header-display":"","ast-hfb-below-header-display":"","ast-hfb-mobile-header-display":"","site-post-title":"","ast-breadcrumbs-content":"","ast-featured-img":"","footer-sml-layout":"","theme-transparent-header-meta":"default","adv-header-id-meta":"","stick-header-meta":"","header-above-stick-meta":"","header-main-stick-meta":"","header-below-stick-meta":"","astra-migrate-meta-layouts":"set"},"product_cat":[15,50,52],"product_tag":[],"class_list":["post-6505","product","type-product","status-publish","has-post-thumbnail","hentry","product_cat-todos-productos","product_cat-productos-para-madera","product_cat-barnices-y-ceras","product_shipping_class-recogida-tienda","desktop-align-center","tablet-align-center","mobile-align-center"],"_links":{"self":[{"href":"https:\/\/viherma.com\/index.php\/wp-json\/wp\/v2\/product\/6505","targetHints":{"allow":["GET"]}}],"collection":[{"href":"https:\/\/viherma.com\/index.php\/wp-json\/wp\/v2\/product"}],"about":[{"href":"https:\/\/viherma.com\/index.php\/wp-json\/wp\/v2\/types\/product"}],"replies":[{"embeddable":true,"href":"https:\/\/viherma.com\/index.php\/wp-json\/wp\/v2\/comments?post=6505"}],"wp:featuredmedia":[{"embeddable":true,"href":"https:\/\/viherma.com\/index.php\/wp-json\/wp\/v2\/media\/6506"}],"wp:attachment":[{"href":"https:\/\/viherma.com\/index.php\/wp-json\/wp\/v2\/media?parent=6505"}],"wp:term":[{"taxonomy":"product_cat","embeddable":true,"href":"https:\/\/viherma.com\/index.php\/wp-json\/wp\/v2\/product_cat?post=6505"},{"taxonomy":"product_tag","embeddable":true,"href":"https:\/\/viherma.com\/index.php\/wp-json\/wp\/v2\/product_tag?post=6505"}],"curies":[{"name":"wp","href":"https:\/\/api.w.org\/{rel}","templated":true}]}}