{"id":6572,"date":"2023-10-09T15:36:53","date_gmt":"2023-10-09T15:36:53","guid":{"rendered":"https:\/\/viherma.com\/?post_type=product&#038;p=6572"},"modified":"2024-09-23T15:11:17","modified_gmt":"2024-09-23T15:11:17","slug":"liston-de-pino-a-240-metros","status":"publish","type":"product","link":"https:\/\/viherma.com\/index.php\/producto\/liston-de-pino-a-240-metros\/","title":{"rendered":"List\u00f3n de madera de Pino a 2,40 metros"},"content":{"rendered":"<p>&nbsp;<\/p>\n<p>List\u00f3n de madera de Pino a 2,40 metros de largo.<\/p>\n<div class=\"flex-1 overflow-hidden\">\n<div class=\"react-scroll-to-bottom--css-prxnx-79elbk h-full dark:bg-gray-800\">\n<div class=\"react-scroll-to-bottom--css-prxnx-1n7m0yu\">\n<div class=\"flex flex-col text-sm dark:bg-gray-800\">\n<div class=\"group w-full text-token-text-primary border-b border-black\/10 gizmo:border-0 dark:border-gray-900\/50 gizmo:dark:border-0 bg-gray-50 gizmo:bg-transparent dark:bg-[#444654] gizmo:dark:bg-transparent\" data-testid=\"conversation-turn-29\">\n<div class=\"p-4 justify-center text-base md:gap-6 md:py-6 m-auto\">\n<div class=\"flex flex-1 gap-4 text-base mx-auto md:gap-6 gizmo:gap-3 gizmo:md:px-5 gizmo:lg:px-1 gizmo:xl:px-5 md:max-w-2xl lg:max-w-[38rem] gizmo:md:max-w-3xl gizmo:lg:max-w-[40rem] gizmo:xl:max-w-[48rem] xl:max-w-3xl }\">\n<div class=\"relative flex w-[calc(100%-50px)] flex-col gap-1 gizmo:w-full md:gap-3 lg:w-[calc(100%-115px)] agent-turn\">\n<div class=\"flex flex-grow flex-col gap-3 max-w-full\">\n<div class=\"min-h-[20px] flex flex-col items-start gap-3 whitespace-pre-wrap break-words overflow-x-auto\">\n<div class=\"markdown prose w-full break-words dark:prose-invert light\">\n<p>Cada list\u00f3n es una expresi\u00f3n de la naturaleza resiliente y atemporal del pino, que a\u00f1ade un toque c\u00e1lido y encantador a cualquier espacio.<\/p>\n<p>La madera de pino, conocida por su grano distintivo y su tonalidad suave, es la elecci\u00f3n perfecta para aquellos que buscan una combinaci\u00f3n de elegancia y resistencia. Su ligereza facilita la manipulaci\u00f3n, permiti\u00e9ndote dar forma a tus ideas creativas con facilidad.<\/p>\n<p>Ya sea que est\u00e9s creando revestimientos de paredes, muebles o detalles decorativos, nuestros listones de madera de pino ofrecen una paleta vers\u00e1til para expresar tu estilo \u00fanico. La facilidad con la que se trabaja la madera de pino permite una amplia gama de aplicaciones, desde dise\u00f1os modernos y minimalistas hasta proyectos m\u00e1s detallados y ornamentados.<\/p>\n<p>Descubre la durabilidad y la belleza natural que solo la madera de pino puede ofrecer. Transforma tus espacios en testimonios de artesan\u00eda con nuestros listones de madera de pino, donde la tradici\u00f3n se encuentra con la creatividad contempor\u00e1nea. \u00a1Haz que cada proyecto sea una declaraci\u00f3n de estilo y autenticidad con la calidez eterna del pino.<\/p>\n<\/div>\n<\/div>\n<\/div>\n<\/div>\n<\/div>\n<\/div>\n<\/div>\n<\/div>\n<\/div>\n<\/div>\n<\/div>\n","protected":false},"excerpt":{"rendered":"<p>&nbsp;<\/p>\n<p>List\u00f3n de madera de Pino a 2,40 metros de largo.<\/p>\n<p>La madera de pino, conocida por su grano distintivo y su tonalidad suave, es la elecci\u00f3n perfecta para aquellos que buscan una combinaci\u00f3n de elegancia y resistencia. Su ligereza facilita la manipulaci\u00f3n, permiti\u00e9ndote dar forma a tus ideas creativas con facilidad.<\/p>\n","protected":false},"featured_media":6573,"comment_status":"open","ping_status":"closed","template":"","meta":{"site-sidebar-layout":"default","site-content-layout":"","ast-site-content-layout":"default","site-content-style":"default","site-sidebar-style":"default","ast-global-header-display":"","ast-banner-title-visibility":"","ast-main-header-display":"","ast-hfb-above-header-display":"","ast-hfb-below-header-display":"","ast-hfb-mobile-header-display":"","site-post-title":"","ast-breadcrumbs-content":"","ast-featured-img":"","footer-sml-layout":"","theme-transparent-header-meta":"default","adv-header-id-meta":"","stick-header-meta":"","header-above-stick-meta":"","header-main-stick-meta":"","header-below-stick-meta":"","astra-migrate-meta-layouts":"set"},"product_cat":[15,35,46],"product_tag":[],"class_list":["post-6572","product","type-product","status-publish","has-post-thumbnail","hentry","product_cat-todos-productos","product_cat-listones","product_cat-listones-de-pino","desktop-align-center","tablet-align-center","mobile-align-center"],"_links":{"self":[{"href":"https:\/\/viherma.com\/index.php\/wp-json\/wp\/v2\/product\/6572","targetHints":{"allow":["GET"]}}],"collection":[{"href":"https:\/\/viherma.com\/index.php\/wp-json\/wp\/v2\/product"}],"about":[{"href":"https:\/\/viherma.com\/index.php\/wp-json\/wp\/v2\/types\/product"}],"replies":[{"embeddable":true,"href":"https:\/\/viherma.com\/index.php\/wp-json\/wp\/v2\/comments?post=6572"}],"wp:featuredmedia":[{"embeddable":true,"href":"https:\/\/viherma.com\/index.php\/wp-json\/wp\/v2\/media\/6573"}],"wp:attachment":[{"href":"https:\/\/viherma.com\/index.php\/wp-json\/wp\/v2\/media?parent=6572"}],"wp:term":[{"taxonomy":"product_cat","embeddable":true,"href":"https:\/\/viherma.com\/index.php\/wp-json\/wp\/v2\/product_cat?post=6572"},{"taxonomy":"product_tag","embeddable":true,"href":"https:\/\/viherma.com\/index.php\/wp-json\/wp\/v2\/product_tag?post=6572"}],"curies":[{"name":"wp","href":"https:\/\/api.w.org\/{rel}","templated":true}]}}