{"id":6702,"date":"2023-10-11T06:57:42","date_gmt":"2023-10-11T06:57:42","guid":{"rendered":"https:\/\/viherma.com\/?post_type=product&#038;p=6702"},"modified":"2024-09-12T08:09:03","modified_gmt":"2024-09-12T08:09:03","slug":"rodapie-mdf-blanco-lacado-de-70x12mm-a-244-cm","status":"publish","type":"product","link":"https:\/\/viherma.com\/index.php\/producto\/rodapie-mdf-blanco-lacado-de-70x12mm-a-244-cm\/","title":{"rendered":"Rodapi\u00e9 MDF Blanco Lacado Recto de 70x12mm a 244 cm"},"content":{"rendered":"<p>Rodapi\u00e9 MDF Blanco Lacado de 70x12mm a 2,44 metros con canto recto.<\/p>\n<p>Cada detalle de estos rodapi\u00e9s ha sido dise\u00f1ado con precisi\u00f3n para agregar un toque de elegancia y modernidad a tus interiores.<\/p>\n<p>El acabado blanco lacado brinda luminosidad y frescura, creando una sensaci\u00f3n de amplitud y luminosidad en cualquier habitaci\u00f3n. La pureza del blanco no solo es atemporal, sino que tambi\u00e9n proporciona un lienzo perfecto para coordinar con cualquier esquema de dise\u00f1o.<\/p>\n<p>Con un canto recto impecable, estos rodapi\u00e9s no solo son una declaraci\u00f3n de estilo, sino tambi\u00e9n un ejemplo de artesan\u00eda refinada. El dise\u00f1o limpio y moderno agrega un toque contempor\u00e1neo a tus espacios, complementando tanto estilos cl\u00e1sicos como modernos.<\/p>\n<p>Adem\u00e1s de su est\u00e9tica impresionante, estos rodapi\u00e9s est\u00e1n fabricados con materiales de alta calidad para garantizar durabilidad y resistencia. Su instalaci\u00f3n es sencilla, lo que facilita la transformaci\u00f3n de tus espacios con un toque de sofisticaci\u00f3n.<\/p>\n","protected":false},"excerpt":{"rendered":"<p>Rodapi\u00e9 MDF Blanco Lacado de 70x12mm a 2,44 metros con canto recto.<\/p>\n<p>Adem\u00e1s de su est\u00e9tica impresionante, estos rodapi\u00e9s est\u00e1n fabricados con materiales de alta calidad para garantizar durabilidad y resistencia. Su instalaci\u00f3n es sencilla, lo que facilita la transformaci\u00f3n de tus espacios con un toque de sofisticaci\u00f3n.<\/p>\n","protected":false},"featured_media":6703,"comment_status":"open","ping_status":"closed","template":"","meta":{"site-sidebar-layout":"default","site-content-layout":"","ast-site-content-layout":"default","site-content-style":"default","site-sidebar-style":"default","ast-global-header-display":"","ast-banner-title-visibility":"","ast-main-header-display":"","ast-hfb-above-header-display":"","ast-hfb-below-header-display":"","ast-hfb-mobile-header-display":"","site-post-title":"","ast-breadcrumbs-content":"","ast-featured-img":"","footer-sml-layout":"","theme-transparent-header-meta":"default","adv-header-id-meta":"","stick-header-meta":"","header-above-stick-meta":"","header-main-stick-meta":"","header-below-stick-meta":"","astra-migrate-meta-layouts":"set"},"product_cat":[15,36,53],"product_tag":[],"class_list":["post-6702","product","type-product","status-publish","has-post-thumbnail","hentry","product_cat-todos-productos","product_cat-rodapies","product_cat-rodapies-lacados","desktop-align-center","tablet-align-center","mobile-align-center"],"_links":{"self":[{"href":"https:\/\/viherma.com\/index.php\/wp-json\/wp\/v2\/product\/6702","targetHints":{"allow":["GET"]}}],"collection":[{"href":"https:\/\/viherma.com\/index.php\/wp-json\/wp\/v2\/product"}],"about":[{"href":"https:\/\/viherma.com\/index.php\/wp-json\/wp\/v2\/types\/product"}],"replies":[{"embeddable":true,"href":"https:\/\/viherma.com\/index.php\/wp-json\/wp\/v2\/comments?post=6702"}],"wp:featuredmedia":[{"embeddable":true,"href":"https:\/\/viherma.com\/index.php\/wp-json\/wp\/v2\/media\/6703"}],"wp:attachment":[{"href":"https:\/\/viherma.com\/index.php\/wp-json\/wp\/v2\/media?parent=6702"}],"wp:term":[{"taxonomy":"product_cat","embeddable":true,"href":"https:\/\/viherma.com\/index.php\/wp-json\/wp\/v2\/product_cat?post=6702"},{"taxonomy":"product_tag","embeddable":true,"href":"https:\/\/viherma.com\/index.php\/wp-json\/wp\/v2\/product_tag?post=6702"}],"curies":[{"name":"wp","href":"https:\/\/api.w.org\/{rel}","templated":true}]}}