{"id":6775,"date":"2023-10-11T11:38:56","date_gmt":"2023-10-11T11:38:56","guid":{"rendered":"https:\/\/viherma.com\/?post_type=product&#038;p=6775"},"modified":"2024-11-02T23:42:23","modified_gmt":"2024-11-02T23:42:23","slug":"tarima-laminada-ac-5-aquaprotect-0v","status":"publish","type":"product","link":"https:\/\/viherma.com\/index.php\/producto\/tarima-laminada-ac-5-aquaprotect-0v\/","title":{"rendered":"Tarima Laminada AC &#8211; 5 Aquaprotect 0V"},"content":{"rendered":"<p>&nbsp;<\/p>\n<p>Tarima Laminada AC &#8211; 5 Aquaprotect 0V Loc Floor Plus<\/p>\n<p>Inlcuye subsuelo nivelador de espuma de 2 mm.<\/p>\n<p>Precio por metro cuadrado.<\/p>\n<p>\u00a1Ingresa a una nueva era de tarima laminada con nuestra innovadora tarima AC5 AquaProtect y antiest\u00e1tica! Dise\u00f1ada para superar todas las expectativas, esta tarima no solo ofrece una resistencia extrema al desgaste con su clasificaci\u00f3n AC5, sino que tambi\u00e9n brinda beneficios adicionales para adaptarse a tus necesidades modernas.<\/p>\n<p>La tecnolog\u00eda AquaProtect garantiza una protecci\u00f3n avanzada contra la humedad, haciendo que nuestra tarima laminada AC5 sea ideal para \u00e1reas propensas a la exposici\u00f3n al agua, como cocinas y ba\u00f1os. Disfruta de la belleza aut\u00e9ntica de la madera con la tranquilidad de saber que tu suelo est\u00e1 protegido contra los efectos de la humedad.<\/p>\n<p>La propiedad antiest\u00e1tica de nuestra tarima laminada AC5 es una caracter\u00edstica esencial para mantener un ambiente confortable en tu hogar u oficina. Reduce la acumulaci\u00f3n de electricidad est\u00e1tica, lo que no solo es beneficioso para tus dispositivos electr\u00f3nicos, sino que tambi\u00e9n crea un entorno m\u00e1s agradable y seguro.<\/p>\n<p>El dise\u00f1o aut\u00e9ntico de madera, la resistencia extrema y las caracter\u00edsticas avanzadas hacen que nuestra tarima laminada AC5 AquaProtect y antiest\u00e1tica sea la opci\u00f3n perfecta para aquellos que buscan lo \u00faltimo en durabilidad y funcionalidad. Transforma tus espacios con un suelo que no solo resiste el paso del tiempo, sino que tambi\u00e9n se adapta a tus necesidades modernas. \u00a1Explora la excelencia en cada rinc\u00f3n con nuestra tarima laminada de vanguardia!<\/p>\n","protected":false},"excerpt":{"rendered":"<p>Tarima Laminada AC &#8211; 5 Aquaprotect 0V Loc Floor Plus<\/p>\n<p>Inlcuye subsuelo nivelador de espuma de 2 mm.<\/p>\n<p>Precio por metro cuadrado.<\/p>\n","protected":false},"featured_media":6740,"comment_status":"open","ping_status":"closed","template":"","meta":{"site-sidebar-layout":"default","site-content-layout":"","ast-site-content-layout":"default","site-content-style":"default","site-sidebar-style":"default","ast-global-header-display":"","ast-banner-title-visibility":"","ast-main-header-display":"","ast-hfb-above-header-display":"","ast-hfb-below-header-display":"","ast-hfb-mobile-header-display":"","site-post-title":"","ast-breadcrumbs-content":"","ast-featured-img":"","footer-sml-layout":"","theme-transparent-header-meta":"default","adv-header-id-meta":"","stick-header-meta":"","header-above-stick-meta":"","header-main-stick-meta":"","header-below-stick-meta":"","astra-migrate-meta-layouts":"set"},"product_cat":[15,37,58],"product_tag":[],"class_list":["post-6775","product","type-product","status-publish","has-post-thumbnail","hentry","product_cat-todos-productos","product_cat-tarimas","product_cat-tarima-ac5","product_shipping_class-recogida-tienda","desktop-align-center","tablet-align-center","mobile-align-center"],"_links":{"self":[{"href":"https:\/\/viherma.com\/index.php\/wp-json\/wp\/v2\/product\/6775","targetHints":{"allow":["GET"]}}],"collection":[{"href":"https:\/\/viherma.com\/index.php\/wp-json\/wp\/v2\/product"}],"about":[{"href":"https:\/\/viherma.com\/index.php\/wp-json\/wp\/v2\/types\/product"}],"replies":[{"embeddable":true,"href":"https:\/\/viherma.com\/index.php\/wp-json\/wp\/v2\/comments?post=6775"}],"wp:featuredmedia":[{"embeddable":true,"href":"https:\/\/viherma.com\/index.php\/wp-json\/wp\/v2\/media\/6740"}],"wp:attachment":[{"href":"https:\/\/viherma.com\/index.php\/wp-json\/wp\/v2\/media?parent=6775"}],"wp:term":[{"taxonomy":"product_cat","embeddable":true,"href":"https:\/\/viherma.com\/index.php\/wp-json\/wp\/v2\/product_cat?post=6775"},{"taxonomy":"product_tag","embeddable":true,"href":"https:\/\/viherma.com\/index.php\/wp-json\/wp\/v2\/product_tag?post=6775"}],"curies":[{"name":"wp","href":"https:\/\/api.w.org\/{rel}","templated":true}]}}