{"id":6814,"date":"2023-10-13T06:42:19","date_gmt":"2023-10-13T06:42:19","guid":{"rendered":"https:\/\/viherma.com\/?post_type=product&#038;p=6814"},"modified":"2023-10-13T06:44:44","modified_gmt":"2023-10-13T06:44:44","slug":"tapeta-blanca-plastificada-90-x-10-mm","status":"publish","type":"product","link":"https:\/\/viherma.com\/index.php\/producto\/tapeta-blanca-plastificada-90-x-10-mm\/","title":{"rendered":"Tapeta blanca plastificada 90 X 10 mm"},"content":{"rendered":"<p>&nbsp;<\/p>\n<p>Tapeta blanca plastificada de 90 x 10 mm.<\/p>\n<p>Canto recto.<\/p>\n<p>\u00a1Dale a tus puertas un toque fresco y moderno con nuestras tapetas blancas plastificadas! Cada detalle ha sido cuidadosamente seleccionado para ofrecer no solo un aspecto impecable, sino tambi\u00e9n durabilidad y facilidad de mantenimiento.<\/p>\n<p>El acabado plastificado en blanco no solo proporciona un aspecto limpio y contempor\u00e1neo, sino que tambi\u00e9n a\u00f1ade una capa protectora resistente al desgaste diario. Estas tapetas son f\u00e1ciles de limpiar, lo que permite que mantengan su apariencia fresca y n\u00edtida con poco esfuerzo.<\/p>\n<p>La versatilidad de las tapetas blancas plastificadas se adapta a una variedad de estilos decorativos, desde los m\u00e1s modernos hasta los m\u00e1s cl\u00e1sicos. Su apariencia atemporal complementa cualquier puerta, agregando un toque de luminosidad y amplitud a tus espacios.<\/p>\n<p>La instalaci\u00f3n de estas tapetas es sencilla y eficiente, lo que permite una actualizaci\u00f3n r\u00e1pida y f\u00e1cil de tus puertas existentes. Transforma tus interiores con la simplicidad y elegancia de nuestras tapetas blancas plastificadas, donde la calidad y el estilo se encuentran para crear un ambiente luminoso y moderno. \u00a1Haz que cada puerta destaque con la frescura y versatilidad de nuestras tapetas blancas plastificadas!<\/p>\n","protected":false},"excerpt":{"rendered":"<p>Tapeta blanca plastificada de 90 x 10 mm.<\/p>\n<p>Canto recto.<\/p>\n<p>La instalaci\u00f3n de estas tapetas es sencilla y eficiente, lo que permite una actualizaci\u00f3n r\u00e1pida y f\u00e1cil de tus puertas existentes. Transforma tus interiores con la simplicidad y elegancia de nuestras tapetas blancas plastificadas, donde la calidad y el estilo se encuentran para crear un ambiente luminoso y moderno.<\/p>\n","protected":false},"featured_media":6810,"comment_status":"open","ping_status":"closed","template":"","meta":{"site-sidebar-layout":"default","site-content-layout":"","ast-site-content-layout":"default","site-content-style":"default","site-sidebar-style":"default","ast-global-header-display":"","ast-banner-title-visibility":"","ast-main-header-display":"","ast-hfb-above-header-display":"","ast-hfb-below-header-display":"","ast-hfb-mobile-header-display":"","site-post-title":"","ast-breadcrumbs-content":"","ast-featured-img":"","footer-sml-layout":"","theme-transparent-header-meta":"default","adv-header-id-meta":"","stick-header-meta":"","header-above-stick-meta":"","header-main-stick-meta":"","header-below-stick-meta":"","astra-migrate-meta-layouts":"set"},"product_cat":[15,34,55],"product_tag":[],"class_list":["post-6814","product","type-product","status-publish","has-post-thumbnail","hentry","product_cat-todos-productos","product_cat-molduras","product_cat-tapetas","product_shipping_class-recogida-tienda","desktop-align-center","tablet-align-center","mobile-align-center"],"_links":{"self":[{"href":"https:\/\/viherma.com\/index.php\/wp-json\/wp\/v2\/product\/6814","targetHints":{"allow":["GET"]}}],"collection":[{"href":"https:\/\/viherma.com\/index.php\/wp-json\/wp\/v2\/product"}],"about":[{"href":"https:\/\/viherma.com\/index.php\/wp-json\/wp\/v2\/types\/product"}],"replies":[{"embeddable":true,"href":"https:\/\/viherma.com\/index.php\/wp-json\/wp\/v2\/comments?post=6814"}],"wp:featuredmedia":[{"embeddable":true,"href":"https:\/\/viherma.com\/index.php\/wp-json\/wp\/v2\/media\/6810"}],"wp:attachment":[{"href":"https:\/\/viherma.com\/index.php\/wp-json\/wp\/v2\/media?parent=6814"}],"wp:term":[{"taxonomy":"product_cat","embeddable":true,"href":"https:\/\/viherma.com\/index.php\/wp-json\/wp\/v2\/product_cat?post=6814"},{"taxonomy":"product_tag","embeddable":true,"href":"https:\/\/viherma.com\/index.php\/wp-json\/wp\/v2\/product_tag?post=6814"}],"curies":[{"name":"wp","href":"https:\/\/api.w.org\/{rel}","templated":true}]}}