{"id":6818,"date":"2023-10-13T06:56:48","date_gmt":"2023-10-13T06:56:48","guid":{"rendered":"https:\/\/viherma.com\/?post_type=product&#038;p=6818"},"modified":"2024-09-24T09:22:20","modified_gmt":"2024-09-24T09:22:20","slug":"tapeta-mdf-blanca-lacada-70-x-10-mm","status":"publish","type":"product","link":"https:\/\/viherma.com\/index.php\/producto\/tapeta-mdf-blanca-lacada-70-x-10-mm\/","title":{"rendered":"Tapeta MDF blanca lacada 70 X 10 mm"},"content":{"rendered":"<p>&nbsp;<\/p>\n<p>Tapeta MDF blanca lacada de 70 x 10 mm.<\/p>\n<p>Canto recto.<\/p>\n<div class=\"flex-1 overflow-hidden\">\n<div class=\"react-scroll-to-bottom--css-crlrh-79elbk h-full dark:bg-gray-800\">\n<div class=\"react-scroll-to-bottom--css-crlrh-1n7m0yu\">\n<div class=\"flex flex-col text-sm dark:bg-gray-800\">\n<div class=\"group final-completion w-full text-token-text-primary border-b border-black\/10 gizmo:border-0 dark:border-gray-900\/50 gizmo:dark:border-0 bg-gray-50 gizmo:bg-transparent dark:bg-[#444654] gizmo:dark:bg-transparent\" data-testid=\"conversation-turn-47\">\n<div class=\"p-4 justify-center text-base md:gap-6 md:py-6 m-auto\">\n<div class=\"flex flex-1 gap-4 text-base mx-auto md:gap-6 gizmo:gap-3 gizmo:md:px-5 gizmo:lg:px-1 gizmo:xl:px-5 md:max-w-2xl lg:max-w-[38rem] gizmo:md:max-w-3xl gizmo:lg:max-w-[40rem] gizmo:xl:max-w-[48rem] xl:max-w-3xl }\">\n<div class=\"relative flex w-[calc(100%-50px)] flex-col gizmo:w-full lg:w-[calc(100%-115px)] agent-turn\">\n<div class=\"flex-col gap-1 md:gap-3\">\n<div class=\"flex flex-grow flex-col gap-3 max-w-full\">\n<div class=\"min-h-[20px] flex flex-col items-start gap-3 whitespace-pre-wrap break-words overflow-x-auto\">\n<div class=\"markdown prose w-full break-words dark:prose-invert light\">\n<p>\u00a1Eleva el encanto de tus puertas con nuestras tapetas blancas lacadas! Cada una de estas tapetas ha sido meticulosamente dise\u00f1ada para agregar un toque de elegancia y sofisticaci\u00f3n a tus espacios.<\/p>\n<p>El acabado lacado en blanco no solo proporciona un aspecto suave y pulido, sino que tambi\u00e9n agrega una capa protectora que resiste el desgaste diario y es f\u00e1cil de limpiar. Estas tapetas mantienen su brillo original con poco esfuerzo, asegurando una apariencia fresca y luminosa en todo momento.<\/p>\n<p>La simplicidad del blanco lacado es atemporal y se adapta a una amplia gama de estilos decorativos. Ya sea que tu decoraci\u00f3n sea moderna, cl\u00e1sica o contempor\u00e1nea, estas tapetas complementar\u00e1n perfectamente tus puertas, creando un ambiente armonioso y est\u00e9ticamente agradable.<\/p>\n<p>Adem\u00e1s de su belleza, la instalaci\u00f3n de estas tapetas blancas lacadas es f\u00e1cil y eficiente, permiti\u00e9ndote dar un toque de distinci\u00f3n a tus puertas de manera r\u00e1pida y sin complicaciones. Transforma tus espacios con la calidad y la elegancia intemporal de nuestras tapetas blancas lacadas. \u00a1Haz que cada puerta sea una obra maestra con el refinamiento que ofrecen nuestras tapetas!<\/p>\n<\/div>\n<\/div>\n<\/div>\n<\/div>\n<\/div>\n<\/div>\n<\/div>\n<\/div>\n<\/div>\n<\/div>\n<\/div>\n<\/div>\n","protected":false},"excerpt":{"rendered":"<p>Tapeta blanca plastificada de 70 x 9 mm.<\/p>\n<p>Canto recto.<\/p>\n<p>La instalaci\u00f3n de estas tapetas es sencilla y eficiente, lo que permite una actualizaci\u00f3n r\u00e1pida y f\u00e1cil de tus puertas existentes. Transforma tus interiores con la simplicidad y elegancia de nuestras tapetas blancas plastificadas, donde la calidad y el estilo se encuentran para crear un ambiente luminoso y moderno.<\/p>\n","protected":false},"featured_media":6819,"comment_status":"open","ping_status":"closed","template":"","meta":{"site-sidebar-layout":"default","site-content-layout":"","ast-site-content-layout":"default","site-content-style":"default","site-sidebar-style":"default","ast-global-header-display":"","ast-banner-title-visibility":"","ast-main-header-display":"","ast-hfb-above-header-display":"","ast-hfb-below-header-display":"","ast-hfb-mobile-header-display":"","site-post-title":"","ast-breadcrumbs-content":"","ast-featured-img":"","footer-sml-layout":"","theme-transparent-header-meta":"default","adv-header-id-meta":"","stick-header-meta":"","header-above-stick-meta":"","header-main-stick-meta":"","header-below-stick-meta":"","astra-migrate-meta-layouts":"set"},"product_cat":[15,34,55],"product_tag":[],"class_list":["post-6818","product","type-product","status-publish","has-post-thumbnail","hentry","product_cat-todos-productos","product_cat-molduras","product_cat-tapetas","product_shipping_class-recogida-tienda","desktop-align-center","tablet-align-center","mobile-align-center"],"_links":{"self":[{"href":"https:\/\/viherma.com\/index.php\/wp-json\/wp\/v2\/product\/6818","targetHints":{"allow":["GET"]}}],"collection":[{"href":"https:\/\/viherma.com\/index.php\/wp-json\/wp\/v2\/product"}],"about":[{"href":"https:\/\/viherma.com\/index.php\/wp-json\/wp\/v2\/types\/product"}],"replies":[{"embeddable":true,"href":"https:\/\/viherma.com\/index.php\/wp-json\/wp\/v2\/comments?post=6818"}],"wp:featuredmedia":[{"embeddable":true,"href":"https:\/\/viherma.com\/index.php\/wp-json\/wp\/v2\/media\/6819"}],"wp:attachment":[{"href":"https:\/\/viherma.com\/index.php\/wp-json\/wp\/v2\/media?parent=6818"}],"wp:term":[{"taxonomy":"product_cat","embeddable":true,"href":"https:\/\/viherma.com\/index.php\/wp-json\/wp\/v2\/product_cat?post=6818"},{"taxonomy":"product_tag","embeddable":true,"href":"https:\/\/viherma.com\/index.php\/wp-json\/wp\/v2\/product_tag?post=6818"}],"curies":[{"name":"wp","href":"https:\/\/api.w.org\/{rel}","templated":true}]}}