{"id":6841,"date":"2023-10-13T07:24:01","date_gmt":"2023-10-13T07:24:01","guid":{"rendered":"https:\/\/viherma.com\/?post_type=product&#038;p=6841"},"modified":"2024-09-12T07:27:38","modified_gmt":"2024-09-12T07:27:38","slug":"tapeta-mdf-con-ala-blanca-lacada-70-x-12-mm-a-220-cm","status":"publish","type":"product","link":"https:\/\/viherma.com\/index.php\/producto\/tapeta-mdf-con-ala-blanca-lacada-70-x-12-mm-a-220-cm\/","title":{"rendered":"Tapeta MDF con ala larga blanca lacada 70 X 12 mm a 220 cm"},"content":{"rendered":"<p>&nbsp;<\/p>\n<p>Tapeta MDF con ala blanca lacada de 70 x 12 mm a 220 cm de largo.<\/p>\n<p>Ancho ala 12 mm.<\/p>\n<p>Canto recto.<\/p>\n<div class=\"flex-1 overflow-hidden\">\n<div class=\"react-scroll-to-bottom--css-crlrh-79elbk h-full dark:bg-gray-800\">\n<div class=\"react-scroll-to-bottom--css-crlrh-1n7m0yu\">\n<div class=\"flex flex-col text-sm dark:bg-gray-800\">\n<div class=\"group final-completion w-full text-token-text-primary border-b border-black\/10 gizmo:border-0 dark:border-gray-900\/50 gizmo:dark:border-0 bg-gray-50 gizmo:bg-transparent dark:bg-[#444654] gizmo:dark:bg-transparent\" data-testid=\"conversation-turn-47\">\n<div class=\"p-4 justify-center text-base md:gap-6 md:py-6 m-auto\">\n<div class=\"flex flex-1 gap-4 text-base mx-auto md:gap-6 gizmo:gap-3 gizmo:md:px-5 gizmo:lg:px-1 gizmo:xl:px-5 md:max-w-2xl lg:max-w-[38rem] gizmo:md:max-w-3xl gizmo:lg:max-w-[40rem] gizmo:xl:max-w-[48rem] xl:max-w-3xl }\">\n<div class=\"relative flex w-[calc(100%-50px)] flex-col gizmo:w-full lg:w-[calc(100%-115px)] agent-turn\">\n<div class=\"flex-col gap-1 md:gap-3\">\n<div class=\"flex flex-grow flex-col gap-3 max-w-full\">\n<div class=\"min-h-[20px] flex flex-col items-start gap-3 whitespace-pre-wrap break-words overflow-x-auto\">\n<div class=\"markdown prose w-full break-words dark:prose-invert light\">\n<p>\u00a1A\u00f1ade un toque de elegancia y estilo a tus puertas con nuestras tapetas lacadas con ala! Cada detalle de estas tapetas ha sido cuidadosamente dise\u00f1ado para proporcionar una terminaci\u00f3n impecable y un toque de sofisticaci\u00f3n a tus espacios.<\/p>\n<p>El acabado lacado no solo ofrece un aspecto liso y brillante, sino que tambi\u00e9n agrega un nivel de durabilidad que resiste el desgaste diario. Las tapetas lacadas son f\u00e1ciles de mantener y limpiar, manteniendo su apariencia fresca y moderna con el tiempo.<\/p>\n<p>La presencia del ala en estas tapetas no solo es est\u00e9tica, sino que tambi\u00e9n a\u00f1ade dimensi\u00f3n y profundidad a tus puertas. Este detalle sutil agrega un toque arquitect\u00f3nico que transforma tus espacios, creando un ambiente m\u00e1s refinado y pulido.<\/p>\n<p>Adem\u00e1s de su belleza, la instalaci\u00f3n de estas tapetas lacadas con ala es sencilla y r\u00e1pida, lo que permite una transformaci\u00f3n f\u00e1cil de tus puertas y marcos. Eleva tus interiores con la calidad y el estilo atemporal de nuestras tapetas lacadas con ala. \u00a1Haz de cada puerta un elemento destacado con el toque de distinci\u00f3n que ofrecen nuestras tapetas!<\/p>\n<\/div>\n<\/div>\n<\/div>\n<\/div>\n<\/div>\n<\/div>\n<\/div>\n<\/div>\n<\/div>\n<\/div>\n<\/div>\n<\/div>\n","protected":false},"excerpt":{"rendered":"<p>Tapeta MDF con ala blanca lacada de 70 x 12 mm a 220 cm de largo.<\/p>\n<p>Ancho ala 12 mm.<\/p>\n<p>Canto recto.<\/p>\n<p>Adem\u00e1s de su belleza, la instalaci\u00f3n de estas tapetas lacadas con ala es sencilla y r\u00e1pida, lo que permite una transformaci\u00f3n f\u00e1cil de tus puertas y marcos. Eleva tus interiores con la calidad y el estilo atemporal de nuestras tapetas lacadas con ala. \u00a1Haz de cada puerta un elemento destacado con el toque de distinci\u00f3n que ofrecen nuestras tapetas!<\/p>\n","protected":false},"featured_media":6808,"comment_status":"open","ping_status":"closed","template":"","meta":{"site-sidebar-layout":"default","site-content-layout":"","ast-site-content-layout":"default","site-content-style":"default","site-sidebar-style":"default","ast-global-header-display":"","ast-banner-title-visibility":"","ast-main-header-display":"","ast-hfb-above-header-display":"","ast-hfb-below-header-display":"","ast-hfb-mobile-header-display":"","site-post-title":"","ast-breadcrumbs-content":"","ast-featured-img":"","footer-sml-layout":"","theme-transparent-header-meta":"default","adv-header-id-meta":"","stick-header-meta":"","header-above-stick-meta":"","header-main-stick-meta":"","header-below-stick-meta":"","astra-migrate-meta-layouts":"set"},"product_cat":[15,34,55],"product_tag":[],"class_list":["post-6841","product","type-product","status-publish","has-post-thumbnail","hentry","product_cat-todos-productos","product_cat-molduras","product_cat-tapetas","product_shipping_class-recogida-tienda","desktop-align-center","tablet-align-center","mobile-align-center"],"_links":{"self":[{"href":"https:\/\/viherma.com\/index.php\/wp-json\/wp\/v2\/product\/6841","targetHints":{"allow":["GET"]}}],"collection":[{"href":"https:\/\/viherma.com\/index.php\/wp-json\/wp\/v2\/product"}],"about":[{"href":"https:\/\/viherma.com\/index.php\/wp-json\/wp\/v2\/types\/product"}],"replies":[{"embeddable":true,"href":"https:\/\/viherma.com\/index.php\/wp-json\/wp\/v2\/comments?post=6841"}],"wp:featuredmedia":[{"embeddable":true,"href":"https:\/\/viherma.com\/index.php\/wp-json\/wp\/v2\/media\/6808"}],"wp:attachment":[{"href":"https:\/\/viherma.com\/index.php\/wp-json\/wp\/v2\/media?parent=6841"}],"wp:term":[{"taxonomy":"product_cat","embeddable":true,"href":"https:\/\/viherma.com\/index.php\/wp-json\/wp\/v2\/product_cat?post=6841"},{"taxonomy":"product_tag","embeddable":true,"href":"https:\/\/viherma.com\/index.php\/wp-json\/wp\/v2\/product_tag?post=6841"}],"curies":[{"name":"wp","href":"https:\/\/api.w.org\/{rel}","templated":true}]}}