{"id":6861,"date":"2023-10-13T08:45:19","date_gmt":"2023-10-13T08:45:19","guid":{"rendered":"https:\/\/viherma.com\/?post_type=product&#038;p=6861"},"modified":"2023-10-13T08:49:29","modified_gmt":"2023-10-13T08:49:29","slug":"puerta-modelo-n4-blanca-lacada-en-block","status":"publish","type":"product","link":"https:\/\/viherma.com\/index.php\/producto\/puerta-modelo-n4-blanca-lacada-en-block\/","title":{"rendered":"Puerta Modelo N4 Blanca Lacada en Block"},"content":{"rendered":"<p>&nbsp;<\/p>\n<p>Puerta de interior blanca lacada Modelo 4 Rayas en block.<\/p>\n<p>El block incluye la hoja de la medida seleccionada, cerco MDF 70&#215;30, tapetas 70&#215;10\/12, herraje de colgar, y cierre inox con manivela modelo ola niquelada.<\/p>\n<p>Esta puerta no solo es una barrera funcional, sino tambi\u00e9n una expresi\u00f3n de estilo minimalista y atemporal.<\/p>\n<p>El acabado lacado en blanco crea una superficie lisa y pulida, a\u00f1adiendo luminosidad y amplitud a tus espacios. La simplicidad del dise\u00f1o liso es moderna y vers\u00e1til, adapt\u00e1ndose a una variedad de estilos decorativos, desde contempor\u00e1neo hasta cl\u00e1sico.<\/p>\n<p>Cada detalle de esta puerta ha sido dise\u00f1ado para aportar un toque de sofisticaci\u00f3n a tus interiores. El blanco lacado no solo es est\u00e9ticamente agradable, sino que tambi\u00e9n es f\u00e1cil de mantener, permiti\u00e9ndote disfrutar de su aspecto impecable con poco esfuerzo.<\/p>\n<p>La instalaci\u00f3n de esta puerta es sencilla y eficiente, lo que permite una actualizaci\u00f3n r\u00e1pida y f\u00e1cil de tus espacios interiores. Transforma tus habitaciones con la pureza y elegancia de nuestra puerta de interior blanca lacada lisa. \u00a1Haz de cada paso a trav\u00e9s de esta puerta una experiencia estilizada y armoniosa!<\/p>\n","protected":false},"excerpt":{"rendered":"<p>Puerta de interior blanca lacada Modelo 4 Rayas en block.<\/p>\n<p>El block incluye la hoja de la medida seleccionada, cerco MDF 70&#215;30, tapetas 70&#215;10\/12, herraje de colgar, y cierre inox con manivela modelo ola niquelada.<\/p>\n<p>La instalaci\u00f3n de esta puerta es sencilla y eficiente, lo que permite una actualizaci\u00f3n r\u00e1pida y f\u00e1cil de tus espacios interiores. Transforma tus habitaciones con la pureza y elegancia de nuestra puerta de interior blanca lacada lisa. \u00a1Haz de cada paso a trav\u00e9s de esta puerta una experiencia estilizada y armoniosa!<\/p>\n","protected":false},"featured_media":6865,"comment_status":"open","ping_status":"closed","template":"","meta":{"site-sidebar-layout":"default","site-content-layout":"","ast-site-content-layout":"default","site-content-style":"default","site-sidebar-style":"default","ast-global-header-display":"","ast-banner-title-visibility":"","ast-main-header-display":"","ast-hfb-above-header-display":"","ast-hfb-below-header-display":"","ast-hfb-mobile-header-display":"","site-post-title":"","ast-breadcrumbs-content":"","ast-featured-img":"","footer-sml-layout":"","theme-transparent-header-meta":"default","adv-header-id-meta":"","stick-header-meta":"","header-above-stick-meta":"","header-main-stick-meta":"","header-below-stick-meta":"","astra-migrate-meta-layouts":"set"},"product_cat":[15,39,48],"product_tag":[],"class_list":["post-6861","product","type-product","status-publish","has-post-thumbnail","hentry","product_cat-todos-productos","product_cat-puertas","product_cat-puertas-de-interior","product_shipping_class-recogida-tienda","desktop-align-center","tablet-align-center","mobile-align-center"],"_links":{"self":[{"href":"https:\/\/viherma.com\/index.php\/wp-json\/wp\/v2\/product\/6861","targetHints":{"allow":["GET"]}}],"collection":[{"href":"https:\/\/viherma.com\/index.php\/wp-json\/wp\/v2\/product"}],"about":[{"href":"https:\/\/viherma.com\/index.php\/wp-json\/wp\/v2\/types\/product"}],"replies":[{"embeddable":true,"href":"https:\/\/viherma.com\/index.php\/wp-json\/wp\/v2\/comments?post=6861"}],"wp:featuredmedia":[{"embeddable":true,"href":"https:\/\/viherma.com\/index.php\/wp-json\/wp\/v2\/media\/6865"}],"wp:attachment":[{"href":"https:\/\/viherma.com\/index.php\/wp-json\/wp\/v2\/media?parent=6861"}],"wp:term":[{"taxonomy":"product_cat","embeddable":true,"href":"https:\/\/viherma.com\/index.php\/wp-json\/wp\/v2\/product_cat?post=6861"},{"taxonomy":"product_tag","embeddable":true,"href":"https:\/\/viherma.com\/index.php\/wp-json\/wp\/v2\/product_tag?post=6861"}],"curies":[{"name":"wp","href":"https:\/\/api.w.org\/{rel}","templated":true}]}}