{"id":6875,"date":"2023-10-13T09:06:29","date_gmt":"2023-10-13T09:06:29","guid":{"rendered":"https:\/\/viherma.com\/?post_type=product&#038;p=6875"},"modified":"2023-10-13T09:08:49","modified_gmt":"2023-10-13T09:08:49","slug":"puerta-modelo-n10-blanca-lacada-en-block","status":"publish","type":"product","link":"https:\/\/viherma.com\/index.php\/producto\/puerta-modelo-n10-blanca-lacada-en-block\/","title":{"rendered":"Puerta Modelo N10 Blanca Lacada en Block"},"content":{"rendered":"<p>&nbsp;<\/p>\n<p>Puerta de interior blanca lacada Modelo N10 en block.<\/p>\n<p>El block incluye la hoja de la medida seleccionada, cerco MDF 70&#215;30, tapetas 70&#215;10\/12, herraje de colgar, y cierre inox con manivela modelo ola niquelada.<\/p>\n<div class=\"group final-completion w-full text-token-text-primary border-b border-black\/10 gizmo:border-0 dark:border-gray-900\/50 gizmo:dark:border-0 bg-gray-50 gizmo:bg-transparent dark:bg-[#444654] gizmo:dark:bg-transparent\" data-testid=\"conversation-turn-59\">\n<div class=\"p-4 justify-center text-base md:gap-6 md:py-6 m-auto\">\n<div class=\"flex flex-1 gap-4 text-base mx-auto md:gap-6 gizmo:gap-3 gizmo:md:px-5 gizmo:lg:px-1 gizmo:xl:px-5 md:max-w-2xl lg:max-w-[38rem] gizmo:md:max-w-3xl gizmo:lg:max-w-[40rem] gizmo:xl:max-w-[48rem] xl:max-w-3xl }\">\n<div class=\"relative flex w-[calc(100%-50px)] flex-col gizmo:w-full lg:w-[calc(100%-115px)] agent-turn\">\n<div class=\"flex-col gap-1 md:gap-3\">\n<div class=\"flex flex-grow flex-col gap-3 max-w-full\">\n<div class=\"min-h-[20px] flex flex-col items-start gap-3 whitespace-pre-wrap break-words overflow-x-auto\">\n<div class=\"markdown prose w-full break-words dark:prose-invert light\">\n<p>\u00a1Descubre la modernidad con nuestra puerta blanca lacada, modelo N10! Esta puerta es una fusi\u00f3n perfecta de elegancia y dise\u00f1o contempor\u00e1neo, aportando un toque \u00fanico a tus espacios.<\/p>\n<p>Con un acabado lacado en blanco que proporciona una superficie suave y luminosa, el modelo N10 destaca por su dise\u00f1o geom\u00e9trico distintivo. Las formas y l\u00edneas de este modelo crean un patr\u00f3n visualmente atractivo, a\u00f1adiendo un elemento de arte moderno a tus entradas.<\/p>\n<p>El dise\u00f1o audaz y vanguardista del modelo N10 convierte tu puerta en un punto focal de estilo y sofisticaci\u00f3n. Las formas geom\u00e9tricas crean un juego visual que transforma tus espacios, aportando una dosis de modernidad a tu dise\u00f1o interior.<\/p>\n<p>Adem\u00e1s de su atractivo est\u00e9tico, esta puerta lacada blanca es duradera y f\u00e1cil de mantener, asegurando que conserve su encanto contempor\u00e1neo con el paso del tiempo. Transforma tus entradas con la audacia y estilo del modelo N10. \u00a1Haz de cada puerta una pieza de arte y una declaraci\u00f3n de modernidad en tus espacios!<\/p>\n<\/div>\n<\/div>\n<\/div>\n<\/div>\n<\/div>\n<\/div>\n<\/div>\n<\/div>\n","protected":false},"excerpt":{"rendered":"<p>Puerta de interior blanca lacada Modelo N10 en block.<\/p>\n<p>El block incluye la hoja de la medida seleccionada, cerco MDF 70&#215;30, tapetas 70&#215;10\/12, herraje de colgar, y cierre inox con manivela modelo ola niquelada.<\/p>\n<p>La instalaci\u00f3n de esta puerta es sencilla y eficiente, lo que permite una actualizaci\u00f3n r\u00e1pida y f\u00e1cil de tus espacios interiores. Transforma tus habitaciones con la pureza y elegancia de nuestra puerta de interior blanca lacada N10. \u00a1Haz de cada paso a trav\u00e9s de esta puerta una experiencia estilizada y armoniosa!<\/p>\n","protected":false},"featured_media":6852,"comment_status":"open","ping_status":"closed","template":"","meta":{"site-sidebar-layout":"default","site-content-layout":"","ast-site-content-layout":"default","site-content-style":"default","site-sidebar-style":"default","ast-global-header-display":"","ast-banner-title-visibility":"","ast-main-header-display":"","ast-hfb-above-header-display":"","ast-hfb-below-header-display":"","ast-hfb-mobile-header-display":"","site-post-title":"","ast-breadcrumbs-content":"","ast-featured-img":"","footer-sml-layout":"","theme-transparent-header-meta":"default","adv-header-id-meta":"","stick-header-meta":"","header-above-stick-meta":"","header-main-stick-meta":"","header-below-stick-meta":"","astra-migrate-meta-layouts":"set"},"product_cat":[15,39,48],"product_tag":[],"class_list":["post-6875","product","type-product","status-publish","has-post-thumbnail","hentry","product_cat-todos-productos","product_cat-puertas","product_cat-puertas-de-interior","product_shipping_class-recogida-tienda","desktop-align-center","tablet-align-center","mobile-align-center"],"_links":{"self":[{"href":"https:\/\/viherma.com\/index.php\/wp-json\/wp\/v2\/product\/6875","targetHints":{"allow":["GET"]}}],"collection":[{"href":"https:\/\/viherma.com\/index.php\/wp-json\/wp\/v2\/product"}],"about":[{"href":"https:\/\/viherma.com\/index.php\/wp-json\/wp\/v2\/types\/product"}],"replies":[{"embeddable":true,"href":"https:\/\/viherma.com\/index.php\/wp-json\/wp\/v2\/comments?post=6875"}],"wp:featuredmedia":[{"embeddable":true,"href":"https:\/\/viherma.com\/index.php\/wp-json\/wp\/v2\/media\/6852"}],"wp:attachment":[{"href":"https:\/\/viherma.com\/index.php\/wp-json\/wp\/v2\/media?parent=6875"}],"wp:term":[{"taxonomy":"product_cat","embeddable":true,"href":"https:\/\/viherma.com\/index.php\/wp-json\/wp\/v2\/product_cat?post=6875"},{"taxonomy":"product_tag","embeddable":true,"href":"https:\/\/viherma.com\/index.php\/wp-json\/wp\/v2\/product_tag?post=6875"}],"curies":[{"name":"wp","href":"https:\/\/api.w.org\/{rel}","templated":true}]}}