{"id":6940,"date":"2023-10-16T07:45:11","date_gmt":"2023-10-16T07:45:11","guid":{"rendered":"https:\/\/viherma.com\/?post_type=product&#038;p=6940"},"modified":"2023-10-16T07:50:27","modified_gmt":"2023-10-16T07:50:27","slug":"monta-kit-profesional-de-uhu","status":"publish","type":"product","link":"https:\/\/viherma.com\/index.php\/producto\/monta-kit-profesional-de-uhu\/","title":{"rendered":"Monta Kit Profesional de Uhu"},"content":{"rendered":"<h3 class=\"subtitle\"><\/h3>\n<p>Monta Kit Profesional de Uhu cartucho de 350 gr.<\/p>\n<p>Adhesivo de montaje de relleno extra fuerte y universal a base de caucho de neopreno.<\/p>\n<p><strong>Caracter\u00edsticas<\/strong>:<\/p>\n<ul>\n<li>Muy alta resistencia de adhesi\u00f3n final<\/li>\n<li>Se puede utilizar en el interior y en el exterior<\/li>\n<li>Relleno<\/li>\n<li>Adecuado para materiales bajo tensi\u00f3n<\/li>\n<li>Adecuado para unir materiales no porosos<\/li>\n<li>Permanentemente el\u00e1stico<\/li>\n<li>De aplicaci\u00f3n universal<\/li>\n<li>Adecuado para superficies irregulares<\/li>\n<li>Corregible a corto plazo<\/li>\n<li>Resistente al agua<\/li>\n<li>Resistente a la temperatura<\/li>\n<\/ul>\n<p>Adecuado para el ensamblaje de todo tipo de materiales (de construcci\u00f3n), como madera, piedra, hormig\u00f3n, metal y muchos materiales sint\u00e9ticos en casi todos los sustratos de piedra, hormig\u00f3n, madera, metal, materiales sint\u00e9ticos, enlucidos, placas de yeso, etc. Tambi\u00e9n es muy adecuado para pegar dos materiales no porosos y para fijar material bajo tensi\u00f3n. Muy adecuado para el montaje de entramados de madera, z\u00f3calos, umbrales, listones (madera \/ pl\u00e1stico), revestimientos, alf\u00e9izares, baldosas de cer\u00e1mica, tableros de construcci\u00f3n, paredes secas, listones de madera, l\u00e1minas de revestimiento de paredes, paneles, aislamientos, tableros blandos y duros, paneles, alf\u00e9izares, placas de identificaci\u00f3n, n\u00fameros de casa, ganchos de suspensi\u00f3n, conductos, tomas de corriente y cajas el\u00e9ctricas.<\/p>\n","protected":false},"excerpt":{"rendered":"<p>Monta Kit Profesional de Uhu cartucho de 350 gr.<\/p>\n<p>Adhesivo de montaje de relleno extra fuerte y universal a base de caucho de neopreno.<\/p>\n<p><strong>Usos<\/strong><\/p>\n<p>Adecuado para el ensamblaje de todo tipo de materiales (de construcci\u00f3n), como madera, piedra, hormig\u00f3n, metal y muchos materiales sint\u00e9ticos en casi todos los sustratos de piedra, hormig\u00f3n, madera, metal, materiales sint\u00e9ticos, enlucidos, placas de yeso, etc.<\/p>\n<p>Tambi\u00e9n es muy adecuado para pegar dos materiales no porosos y para fijar material bajo tensi\u00f3n.<\/p>\n<p>Muy adecuado para el montaje de entramados de madera, z\u00f3calos, umbrales, listones (madera \/ pl\u00e1stico), revestimientos, alf\u00e9izares, baldosas de cer\u00e1mica, tableros de construcci\u00f3n, paredes secas, listones de madera, l\u00e1minas de revestimiento de paredes, paneles, aislamientos, tableros blandos y duros, paneles, alf\u00e9izares, placas de identificaci\u00f3n, n\u00fameros de casa, ganchos de suspensi\u00f3n, conductos, tomas de corriente y cajas el\u00e9ctricas.<\/p>\n","protected":false},"featured_media":6943,"comment_status":"open","ping_status":"closed","template":"","meta":{"site-sidebar-layout":"default","site-content-layout":"","ast-site-content-layout":"default","site-content-style":"default","site-sidebar-style":"default","ast-global-header-display":"","ast-banner-title-visibility":"","ast-main-header-display":"","ast-hfb-above-header-display":"","ast-hfb-below-header-display":"","ast-hfb-mobile-header-display":"","site-post-title":"","ast-breadcrumbs-content":"","ast-featured-img":"","footer-sml-layout":"","theme-transparent-header-meta":"default","adv-header-id-meta":"","stick-header-meta":"","header-above-stick-meta":"","header-main-stick-meta":"","header-below-stick-meta":"","astra-migrate-meta-layouts":"set"},"product_cat":[15,50,51],"product_tag":[],"class_list":["post-6940","product","type-product","status-publish","has-post-thumbnail","hentry","product_cat-todos-productos","product_cat-productos-para-madera","product_cat-fijacion-de-madera","desktop-align-center","tablet-align-center","mobile-align-center"],"_links":{"self":[{"href":"https:\/\/viherma.com\/index.php\/wp-json\/wp\/v2\/product\/6940","targetHints":{"allow":["GET"]}}],"collection":[{"href":"https:\/\/viherma.com\/index.php\/wp-json\/wp\/v2\/product"}],"about":[{"href":"https:\/\/viherma.com\/index.php\/wp-json\/wp\/v2\/types\/product"}],"replies":[{"embeddable":true,"href":"https:\/\/viherma.com\/index.php\/wp-json\/wp\/v2\/comments?post=6940"}],"wp:featuredmedia":[{"embeddable":true,"href":"https:\/\/viherma.com\/index.php\/wp-json\/wp\/v2\/media\/6943"}],"wp:attachment":[{"href":"https:\/\/viherma.com\/index.php\/wp-json\/wp\/v2\/media?parent=6940"}],"wp:term":[{"taxonomy":"product_cat","embeddable":true,"href":"https:\/\/viherma.com\/index.php\/wp-json\/wp\/v2\/product_cat?post=6940"},{"taxonomy":"product_tag","embeddable":true,"href":"https:\/\/viherma.com\/index.php\/wp-json\/wp\/v2\/product_tag?post=6940"}],"curies":[{"name":"wp","href":"https:\/\/api.w.org\/{rel}","templated":true}]}}