{"id":6985,"date":"2023-11-07T08:01:25","date_gmt":"2023-11-07T08:01:25","guid":{"rendered":"https:\/\/viherma.com\/?post_type=product&#038;p=6985"},"modified":"2023-11-07T08:11:21","modified_gmt":"2023-11-07T08:11:21","slug":"espuma-de-poliuretano-ultra-fast-70-quilosa-de-pistola","status":"publish","type":"product","link":"https:\/\/viherma.com\/index.php\/producto\/espuma-de-poliuretano-ultra-fast-70-quilosa-de-pistola\/","title":{"rendered":"Espuma de Poliuretano Ultra Fast 70 Quilosa de Pistola"},"content":{"rendered":"<p>Espuma de Poliuretano Ultra Fast 70 Quilosa de Pistola<\/p>\n<p class=\"heading__subtitle\">Ultra Fast 70 es la espuma para la instalaci\u00f3n de ventanas m\u00e1s r\u00e1pida del mercado. Reduce el tiempo y coste de la instalaci\u00f3n hasta un 30%. Ultra Fast 70 es la soluci\u00f3n perfecta para el usuario profesional que necesite soluciones que le ahorren tiempo, rentabilidad en el coste, la mejor experiencia en la aplicaci\u00f3n y la mayor calidad y durabilidad del producto.<\/p>\n<p class=\"product-advantages__title\"><strong>VENTAJAS<\/strong><\/p>\n<ul class=\"product-advantages__list\">\n<li class=\"product-advantages__individual\"><i class=\"fas fa-check\" aria-hidden=\"true\"><\/i><strong>Alta eficiencia:<\/strong> el\u00a0producto garantiza el mayor rendimiento del mercado: 70 litros reales<\/li>\n<li><strong>Preparaci\u00f3n muy r\u00e1pida:<\/strong> la espuma esta lista para cortar en tan solo 10 minutos. &#8211; 50% menos tiempo respecto a la media del mercado.<\/li>\n<li class=\"product-advantages__individual\"><i class=\"fas fa-check\" aria-hidden=\"true\"><\/i><strong>Curado r\u00e1pido:<\/strong><i> <\/i>tras 90 minutos de su aplicaci\u00f3n, la espuma habr\u00e1 curado completamente y estar\u00e1 lista para cubrirse con yeso, pintura, acr\u00edlico o silicona. Su tiempo de curado es 3 veces m\u00e1s r\u00e1pido que la media del mercado.<\/li>\n<li class=\"product-advantages__individual\"><i class=\"fas fa-check\" aria-hidden=\"true\"><\/i><strong>Baja post-expansi\u00f3n:<\/strong> la espuma, tras ser aplicada, aumenta su volumen en un 30-50%. Esta caracter\u00edstica previene la deformaci\u00f3n de los marcos de puertas y ventanas gracias a su baja expansi\u00f3n y a su formula de baja presi\u00f3n.<\/li>\n<li><strong>Resistente a factores externos<\/strong>: la espuma es resistente a hongos y moho, as\u00ed como a bajas y altas temperaturas (-60\u00baC a 100\u00b0C).<\/li>\n<li><strong>V\u00e1lvula de \u00faltima generaci\u00f3n:<\/strong> el producto cuenta con un sistema que previene que la v\u00e1lvula se pegue o permita la fuga de gas.<\/li>\n<\/ul>\n","protected":false},"excerpt":{"rendered":"<p>Espuma de Poliuretano Ultra Fast 70 Quilosa de Pistola<\/p>\n<p class=\"heading__subtitle\">Ultra Fast 70 es la espuma para la instalaci\u00f3n de ventanas m\u00e1s r\u00e1pida del mercado. Reduce el tiempo y coste de la instalaci\u00f3n hasta un 30%. Ultra Fast 70 es la soluci\u00f3n perfecta para el usuario profesional que necesite soluciones que le ahorren tiempo, rentabilidad en el coste, la mejor experiencia en la aplicaci\u00f3n y la mayor calidad y durabilidad del producto.<\/p>\n","protected":false},"featured_media":6986,"comment_status":"open","ping_status":"closed","template":"","meta":{"site-sidebar-layout":"default","site-content-layout":"","ast-site-content-layout":"default","site-content-style":"default","site-sidebar-style":"default","ast-global-header-display":"","ast-banner-title-visibility":"","ast-main-header-display":"","ast-hfb-above-header-display":"","ast-hfb-below-header-display":"","ast-hfb-mobile-header-display":"","site-post-title":"","ast-breadcrumbs-content":"","ast-featured-img":"","footer-sml-layout":"","theme-transparent-header-meta":"default","adv-header-id-meta":"","stick-header-meta":"","header-above-stick-meta":"","header-main-stick-meta":"","header-below-stick-meta":"","astra-migrate-meta-layouts":"set"},"product_cat":[15,50,51],"product_tag":[],"class_list":["post-6985","product","type-product","status-publish","has-post-thumbnail","hentry","product_cat-todos-productos","product_cat-productos-para-madera","product_cat-fijacion-de-madera","product_shipping_class-recogida-tienda","desktop-align-center","tablet-align-center","mobile-align-center"],"_links":{"self":[{"href":"https:\/\/viherma.com\/index.php\/wp-json\/wp\/v2\/product\/6985","targetHints":{"allow":["GET"]}}],"collection":[{"href":"https:\/\/viherma.com\/index.php\/wp-json\/wp\/v2\/product"}],"about":[{"href":"https:\/\/viherma.com\/index.php\/wp-json\/wp\/v2\/types\/product"}],"replies":[{"embeddable":true,"href":"https:\/\/viherma.com\/index.php\/wp-json\/wp\/v2\/comments?post=6985"}],"wp:featuredmedia":[{"embeddable":true,"href":"https:\/\/viherma.com\/index.php\/wp-json\/wp\/v2\/media\/6986"}],"wp:attachment":[{"href":"https:\/\/viherma.com\/index.php\/wp-json\/wp\/v2\/media?parent=6985"}],"wp:term":[{"taxonomy":"product_cat","embeddable":true,"href":"https:\/\/viherma.com\/index.php\/wp-json\/wp\/v2\/product_cat?post=6985"},{"taxonomy":"product_tag","embeddable":true,"href":"https:\/\/viherma.com\/index.php\/wp-json\/wp\/v2\/product_tag?post=6985"}],"curies":[{"name":"wp","href":"https:\/\/api.w.org\/{rel}","templated":true}]}}