{"id":7007,"date":"2023-11-07T10:26:19","date_gmt":"2023-11-07T10:26:19","guid":{"rendered":"https:\/\/viherma.com\/?post_type=product&#038;p=7007"},"modified":"2024-09-12T07:18:59","modified_gmt":"2024-09-12T07:18:59","slug":"cola-de-contacto-bunitex-quilosa","status":"publish","type":"product","link":"https:\/\/viherma.com\/index.php\/producto\/cola-de-contacto-bunitex-quilosa\/","title":{"rendered":"Cola de Contacto Bunitex Quilosa 500 ML"},"content":{"rendered":"<p>Cola de Contacto Bunitex Quilosa<\/p>\n<div class=\"product-single__content\">Adhesivo de contacto vers\u00e1til, con capacidad para permanecer largos periodos de tiempo abierto, que ofrece una uni\u00f3n s\u00f3lida y duradera.<\/div>\n<div>\n<div class=\"product-single__tabs-content__wrapper container\">\n<div id=\"product-tabs-content\" class=\"tab-content product-tabs-content__wrapper\">\n<div id=\"aplicaciones\" class=\"tab-pane fade show active product-tabs-content__content\" role=\"tabpanel\" aria-labelledby=\"aplicaciones-tab\">\n<p>Dise\u00f1ado para pegar madera, caucho, cuero, corcho, metales, laminados y algunos pl\u00e1sticos (excepto polietileno y polipropileno) entre s\u00ed y con otros materiales.<\/p>\n<\/div>\n<\/div>\n<\/div>\n<\/div>\n<div class=\"product-single__content\">\n<p class=\"product-advantages__title\"><strong>VENTAJAS<\/strong><\/p>\n<ul class=\"product-advantages__list\">\n<li class=\"product-advantages__individual\"><i class=\"fas fa-check\" aria-hidden=\"true\"><\/i>\u00a0Uniones flexibles, resistentes y duraderas<\/li>\n<li class=\"product-advantages__individual\"><i class=\"fas fa-check\" aria-hidden=\"true\"><\/i>\u00a0Tiempo de trabajo largo<i class=\"fas fa-check\" aria-hidden=\"true\"><\/i><\/li>\n<\/ul>\n<\/div>\n<div class=\"product-single__downloads__wrapper\">\n<div class=\"product-single__tabs-content__wrapper container\">\n<div id=\"product-tabs-content\" class=\"tab-content product-tabs-content__wrapper\"><\/div>\n<\/div>\n<\/div>\n","protected":false},"excerpt":{"rendered":"<p>Cola de Contacto Bunitex Quilosa<\/p>\n<div class=\"product-single__content\">Adhesivo de contacto vers\u00e1til, con capacidad para permanecer largos periodos de tiempo abierto, que ofrece una uni\u00f3n s\u00f3lida y duradera.<\/div>\n<div>\n<div class=\"product-single__tabs-content__wrapper container\">\n<div id=\"product-tabs-content\" class=\"tab-content product-tabs-content__wrapper\">\n<div id=\"aplicaciones\" class=\"tab-pane fade show active product-tabs-content__content\" role=\"tabpanel\" aria-labelledby=\"aplicaciones-tab\">\n<p>Dise\u00f1ado para pegar madera, caucho, cuero, corcho, metales, laminados y algunos pl\u00e1sticos (excepto polietileno y polipropileno) entre s\u00ed y con otros materiales.<\/p>\n<\/div>\n<\/div>\n<\/div>\n<\/div>\n","protected":false},"featured_media":7000,"comment_status":"open","ping_status":"closed","template":"","meta":{"site-sidebar-layout":"default","site-content-layout":"","ast-site-content-layout":"default","site-content-style":"default","site-sidebar-style":"default","ast-global-header-display":"","ast-banner-title-visibility":"","ast-main-header-display":"","ast-hfb-above-header-display":"","ast-hfb-below-header-display":"","ast-hfb-mobile-header-display":"","site-post-title":"","ast-breadcrumbs-content":"","ast-featured-img":"","footer-sml-layout":"","theme-transparent-header-meta":"default","adv-header-id-meta":"","stick-header-meta":"","header-above-stick-meta":"","header-main-stick-meta":"","header-below-stick-meta":"","astra-migrate-meta-layouts":"set"},"product_cat":[15,50,51],"product_tag":[],"class_list":["post-7007","product","type-product","status-publish","has-post-thumbnail","hentry","product_cat-todos-productos","product_cat-productos-para-madera","product_cat-fijacion-de-madera","desktop-align-center","tablet-align-center","mobile-align-center"],"_links":{"self":[{"href":"https:\/\/viherma.com\/index.php\/wp-json\/wp\/v2\/product\/7007","targetHints":{"allow":["GET"]}}],"collection":[{"href":"https:\/\/viherma.com\/index.php\/wp-json\/wp\/v2\/product"}],"about":[{"href":"https:\/\/viherma.com\/index.php\/wp-json\/wp\/v2\/types\/product"}],"replies":[{"embeddable":true,"href":"https:\/\/viherma.com\/index.php\/wp-json\/wp\/v2\/comments?post=7007"}],"wp:featuredmedia":[{"embeddable":true,"href":"https:\/\/viherma.com\/index.php\/wp-json\/wp\/v2\/media\/7000"}],"wp:attachment":[{"href":"https:\/\/viherma.com\/index.php\/wp-json\/wp\/v2\/media?parent=7007"}],"wp:term":[{"taxonomy":"product_cat","embeddable":true,"href":"https:\/\/viherma.com\/index.php\/wp-json\/wp\/v2\/product_cat?post=7007"},{"taxonomy":"product_tag","embeddable":true,"href":"https:\/\/viherma.com\/index.php\/wp-json\/wp\/v2\/product_tag?post=7007"}],"curies":[{"name":"wp","href":"https:\/\/api.w.org\/{rel}","templated":true}]}}